{"id":10680,"date":"2023-04-18T20:19:07","date_gmt":"2023-04-18T18:19:07","guid":{"rendered":"http:\/\/p6108.webmo.fr\/?page_id=10680"},"modified":"2023-06-12T20:34:21","modified_gmt":"2023-06-12T18:34:21","slug":"artistes-createurs","status":"publish","type":"page","link":"https:\/\/domainetrepaloup.com\/en\/artistes-createurs\/","title":{"rendered":"Artistes cr\u00e9ateurs"},"content":{"rendered":"<hr class=\"wp-block-separator has-alpha-channel-opacity\"\/>\n\n\n\n<p>Plusieurs artistes ont r\u00e9alis\u00e9 les \u00e9tiquettes de certaines cuv\u00e9es. D\u00e9couvrez leur travail et leurs coordonn\u00e9es !<\/p>\n\n\n\n<h2 class=\"wp-block-heading\">Voir les artistes<\/h2>\n\n\n<div class=\"widget widget_nav_menu\"><div class=\"menu-liste-des-artistes-container\"><ul id=\"menu-liste-des-artistes\" class=\"menu\"><li id=\"menu-item-10727\" class=\"menu-item menu-item-type-post_type menu-item-object-page menu-item-10727\"><a href=\"https:\/\/domainetrepaloup.com\/en\/artistes-createurs\/julien-imprimerie-chalaguier-guinguette-vin-de-copains\/\">Julien \u2013 Imprimerie Chalaguier \u2013 Guinguette \u2013 Vin de Copains<\/a><\/li>\n<li id=\"menu-item-10728\" class=\"menu-item menu-item-type-post_type menu-item-object-page menu-item-10728\"><a href=\"https:\/\/domainetrepaloup.com\/en\/artistes-createurs\/david-plougoulm-le-petit-grain\/\">David Plougoulm \u2013 Le Petit Grain<\/a><\/li>\n<li id=\"menu-item-10729\" class=\"menu-item menu-item-type-post_type menu-item-object-page menu-item-10729\"><a href=\"https:\/\/domainetrepaloup.com\/en\/artistes-createurs\/philippe-vignal-la-reserve\/\">Philippe Vignal \u2013 La R\u00e9serve<\/a><\/li>\n<li id=\"menu-item-10730\" class=\"menu-item menu-item-type-post_type menu-item-object-page menu-item-10730\"><a href=\"https:\/\/domainetrepaloup.com\/en\/artistes-createurs\/guiome-david-les-pierres-blanches\/\">Guiome David \u2013 Les Pierres Blanches<\/a><\/li>\n<\/ul><\/div><\/div>\n\n\n<hr class=\"wp-block-separator has-alpha-channel-opacity\"\/>\n\n\n\n<hr class=\"wp-block-separator has-alpha-channel-opacity\"\/>","protected":false},"excerpt":{"rendered":"<p>Plusieurs artistes ont r\u00e9alis\u00e9 les \u00e9tiquettes de certaines cuv\u00e9es. D\u00e9couvrez leur travail et leurs coordonn\u00e9es ! Voir les artistes<\/p>","protected":false},"author":1,"featured_media":0,"parent":0,"menu_order":0,"comment_status":"closed","ping_status":"closed","template":"tpl-onepage.php","meta":{"footnotes":""},"_links":{"self":[{"href":"https:\/\/domainetrepaloup.com\/en\/wp-json\/wp\/v2\/pages\/10680"}],"collection":[{"href":"https:\/\/domainetrepaloup.com\/en\/wp-json\/wp\/v2\/pages"}],"about":[{"href":"https:\/\/domainetrepaloup.com\/en\/wp-json\/wp\/v2\/types\/page"}],"author":[{"embeddable":true,"href":"https:\/\/domainetrepaloup.com\/en\/wp-json\/wp\/v2\/users\/1"}],"replies":[{"embeddable":true,"href":"https:\/\/domainetrepaloup.com\/en\/wp-json\/wp\/v2\/comments?post=10680"}],"version-history":[{"count":18,"href":"https:\/\/domainetrepaloup.com\/en\/wp-json\/wp\/v2\/pages\/10680\/revisions"}],"predecessor-version":[{"id":11060,"href":"https:\/\/domainetrepaloup.com\/en\/wp-json\/wp\/v2\/pages\/10680\/revisions\/11060"}],"wp:attachment":[{"href":"https:\/\/domainetrepaloup.com\/en\/wp-json\/wp\/v2\/media?parent=10680"}],"curies":[{"name":"wp","href":"https:\/\/api.w.org\/{rel}","templated":true}]}}