{"id":10628,"date":"2023-04-16T20:54:10","date_gmt":"2023-04-16T18:54:10","guid":{"rendered":"http:\/\/p6108.webmo.fr\/?page_id=10628"},"modified":"2023-04-16T21:51:08","modified_gmt":"2023-04-16T19:51:08","slug":"muscat-petit-grain","status":"publish","type":"page","link":"https:\/\/domainetrepaloup.com\/en\/les-cepages\/muscat-petit-grain\/","title":{"rendered":"Muscat \u00e0 petit grains"},"content":{"rendered":"<h2 class=\"wp-block-heading\">Origines<\/h2>\n\n\n\n<p>Le muscat blanc \u00e0 petits grains est un c\u00e9page grec blanc.\u00a0Le c\u00e9page de cuve est d&rsquo;origine grecque. Il est cultiv\u00e9 dans la plupart des pays viticoles de la M\u00e9diterran\u00e9e depuis l&rsquo;antiquit\u00e9.<\/p>\n\n\n\n<h2 class=\"wp-block-heading\">Synonymie<\/h2>\n\n\n\n<p>&nbsp;bela dinka, beli muskat, bily muskatel, blanche douse, muscat de Frontignan, muscat de Lunel<\/p>\n\n\n\n<h2 class=\"wp-block-heading\">Production<\/h2>\n\n\n\n<p>Extr\u00e9mit\u00e9 du jeune rameau duveteux blanc \u00e0 liser\u00e9 carmin\u00e9.<br>Jeunes feuilles aran\u00e9euses, brillantes et tr\u00e8s bronz\u00e9es.<br>Feuilles adultes \u00e0 cinq lobes profond et tr\u00e8s \u00e9troits, avec un sinus p\u00e9tilaire ferm\u00e9, des dents anguleuses, en deux s\u00e9ries, tr\u00e8s \u00e9troites, un limbe glabre avec les nervures.<\/p>\n\n\n\n<p>\u00c0 pleine maturit\u00e9, le raisin prend une belle couleur ambr\u00e9e<\/p>\n\n\n\n<h2 class=\"wp-block-heading\">Zones de culture<\/h2>\n\n\n\n<p>Alsace et Languedoc Roussillon. Italie, Croatie, Espagne et Gr\u00e8ce.<\/p>\n\n\n\n<h2 class=\"wp-block-heading\">Vins et ar\u00f4mes<\/h2>\n\n\n\n<p>Ent\u00eatants et explosifs, les ar\u00f4mes du Muscat blanc \u00e0 petits grains sont les ar\u00f4mes croquants du raisin que l\u2019on retrouve dans le vin. L\u2019ar\u00f4me vari\u00e9tal de ce c\u00e9page est sauvage et musqu\u00e9, muscat\u00e9 en un mot, c\u2019est une expression l\u00e9g\u00e8rement animale du bois de rose et du litchi. Ces notes s\u2019accompagnent de touches fruit\u00e9es \u2013pomelos, jus d\u2019orange frais, fruits exotiques- et florales \u2013jasmin, citronnelle, verveine<\/p>","protected":false},"excerpt":{"rendered":"<p>Origines Le muscat blanc \u00e0 petits grains est un c\u00e9page grec blanc.\u00a0Le c\u00e9page de cuve est d&rsquo;origine grecque. Il est cultiv\u00e9 dans la plupart des pays viticoles de la M\u00e9diterran\u00e9e [&hellip;]<\/p>\n","protected":false},"author":1,"featured_media":0,"parent":10244,"menu_order":0,"comment_status":"closed","ping_status":"closed","template":"tpl-onepage.php","meta":{"footnotes":""},"_links":{"self":[{"href":"https:\/\/domainetrepaloup.com\/en\/wp-json\/wp\/v2\/pages\/10628"}],"collection":[{"href":"https:\/\/domainetrepaloup.com\/en\/wp-json\/wp\/v2\/pages"}],"about":[{"href":"https:\/\/domainetrepaloup.com\/en\/wp-json\/wp\/v2\/types\/page"}],"author":[{"embeddable":true,"href":"https:\/\/domainetrepaloup.com\/en\/wp-json\/wp\/v2\/users\/1"}],"replies":[{"embeddable":true,"href":"https:\/\/domainetrepaloup.com\/en\/wp-json\/wp\/v2\/comments?post=10628"}],"version-history":[{"count":2,"href":"https:\/\/domainetrepaloup.com\/en\/wp-json\/wp\/v2\/pages\/10628\/revisions"}],"predecessor-version":[{"id":10658,"href":"https:\/\/domainetrepaloup.com\/en\/wp-json\/wp\/v2\/pages\/10628\/revisions\/10658"}],"up":[{"embeddable":true,"href":"https:\/\/domainetrepaloup.com\/en\/wp-json\/wp\/v2\/pages\/10244"}],"wp:attachment":[{"href":"https:\/\/domainetrepaloup.com\/en\/wp-json\/wp\/v2\/media?parent=10628"}],"curies":[{"name":"wp","href":"https:\/\/api.w.org\/{rel}","templated":true}]}}