{"id":10584,"date":"2023-04-16T15:17:38","date_gmt":"2023-04-16T13:17:38","guid":{"rendered":"http:\/\/p6108.webmo.fr\/?page_id=10584"},"modified":"2023-07-18T21:38:30","modified_gmt":"2023-07-18T19:38:30","slug":"viognier-igp-cevennes","status":"publish","type":"page","link":"https:\/\/domainetrepaloup.com\/en\/nos-vins-bio\/vins-de-cepages\/viognier-igp-cevennes\/","title":{"rendered":"Viognier 2022 &#8211; IGP C\u00e9vennes"},"content":{"rendered":"<div class=\"wp-block-media-text alignwide has-media-on-the-right is-stacked-on-mobile is-vertically-aligned-top\" style=\"grid-template-columns:auto 32%\"><div class=\"wp-block-media-text__content\">\n<p>Viognier 100%.<\/p>\n\n\n\n<h2 class=\"wp-block-heading\">M\u00e9thode de vinification<\/h2>\n\n\n\n<p>La cuv\u00e9e est issue d\u2019une vendange manuelle, Pressurage direct et d\u00e9bourbage au froid 3 jours. Vinification avec contr\u00f4le des temp\u00e9ratures \u00e0 16-18\u00b0. \u00c9levage en cuve sur lies fines avec batonnage pendant 3 mois.<\/p>\n\n\n\n<h2 class=\"wp-block-heading\">D\u00e9gustation<\/h2>\n\n\n\n<p><strong>Robe<\/strong> : jaune dor\u00e9.<\/p>\n\n\n\n<p><strong>Nez<\/strong> : Fruits blancs tr\u00e8s expressif\u2026<\/p>\n\n\n\n<p><strong>Bouche<\/strong> : Vin sec et tr\u00e8s rond et aromatique avec une bouche ample et longue. Une belle fra\u00eecheur soutient le tout.<\/p>\n\n\n\n<h2 class=\"wp-block-heading\">Garde<\/h2>\n\n\n\n<p>3 \u00e0 5 ans.<\/p>\n\n\n\n<h2 class=\"wp-block-heading\">Suggestion d\u2019accords mets-vin<\/h2>\n\n\n\n<p>Vin tr\u00e8s agr\u00e9able \u00e0 l\u2019ap\u00e9ritif, sur poissons au four. S\u2019accorde bien avec cuisine au fenouil, c\u00e9leri, aneth. Servir frais (12\u00b0).<\/p>\n\n\n\n<h2 class=\"wp-block-heading\">Terroir<\/h2>\n\n\n\n<p>Parcelles \u00e0 flanc de coteaux argilo-calcaires, sur sous-sol de marnes calcaires. Climat M\u00e9diterran\u00e9en avec pluviom\u00e9trie moyenne de 900 \u00e0 1000 mm par an et un \u00e9t\u00e9 sec et chaud. Collines orient\u00e9es NE-SO.<\/p>\n\n\n\n<h2 class=\"wp-block-heading\">Fiche technique<\/h2>\n\n\n\n<div data-wp-interactive=\"\" class=\"wp-block-file\"><object data-wp-bind--hidden=\"!selectors.core.file.hasPdfPreview\" hidden class=\"wp-block-file__embed\" data=\"https:\/\/domainetrepaloup.com\/wp-content\/uploads\/2023\/05\/fiche-technique-Viognier-IGP-Cevennes-2022-BIO-FR.pdf\" type=\"application\/pdf\" style=\"width:100%;height:600px\" aria-label=\"Embed of Fiche technique - Viognier.\"><\/object><a id=\"wp-block-file--media-51a03989-19a4-42d8-a069-0374e41ae525\" href=\"https:\/\/domainetrepaloup.com\/wp-content\/uploads\/2023\/05\/fiche-technique-Viognier-IGP-Cevennes-2022-BIO-FR.pdf\">Fiche technique \u2013 Viognier<\/a><a href=\"https:\/\/domainetrepaloup.com\/wp-content\/uploads\/2023\/05\/fiche-technique-Viognier-IGP-Cevennes-2022-BIO-FR.pdf\" class=\"wp-block-file__button wp-element-button\" download aria-describedby=\"wp-block-file--media-51a03989-19a4-42d8-a069-0374e41ae525\">T\u00e9l\u00e9charger<\/a><\/div>\n<\/div><figure class=\"wp-block-media-text__media\"><img loading=\"lazy\" decoding=\"async\" width=\"683\" height=\"1024\" src=\"https:\/\/domainetrepaloup.com\/wp-content\/uploads\/2023\/05\/IMG_2377.redimensionne-683x1024.jpg\" alt=\"\" class=\"wp-image-10855 size-full\" srcset=\"https:\/\/domainetrepaloup.com\/wp-content\/uploads\/2023\/05\/IMG_2377.redimensionne-683x1024.jpg 683w, https:\/\/domainetrepaloup.com\/wp-content\/uploads\/2023\/05\/IMG_2377.redimensionne-200x300.jpg 200w, https:\/\/domainetrepaloup.com\/wp-content\/uploads\/2023\/05\/IMG_2377.redimensionne-768x1152.jpg 768w, https:\/\/domainetrepaloup.com\/wp-content\/uploads\/2023\/05\/IMG_2377.redimensionne-8x12.jpg 8w, https:\/\/domainetrepaloup.com\/wp-content\/uploads\/2023\/05\/IMG_2377.redimensionne-500x750.jpg 500w, https:\/\/domainetrepaloup.com\/wp-content\/uploads\/2023\/05\/IMG_2377.redimensionne.jpg 1000w\" sizes=\"(max-width: 683px) 100vw, 683px\" \/><\/figure><\/div>\n\n\n<div class=\"wp-block-image\">\n<figure class=\"aligncenter size-large\"><img loading=\"lazy\" decoding=\"async\" width=\"1024\" height=\"683\" src=\"http:\/\/p6108.webmo.fr\/wp-content\/uploads\/2023\/05\/IMG_2376.redimensionne-1024x683.jpg\" alt=\"\" class=\"wp-image-10854\" srcset=\"https:\/\/domainetrepaloup.com\/wp-content\/uploads\/2023\/05\/IMG_2376.redimensionne-1024x683.jpg 1024w, https:\/\/domainetrepaloup.com\/wp-content\/uploads\/2023\/05\/IMG_2376.redimensionne-300x200.jpg 300w, https:\/\/domainetrepaloup.com\/wp-content\/uploads\/2023\/05\/IMG_2376.redimensionne-768x512.jpg 768w, https:\/\/domainetrepaloup.com\/wp-content\/uploads\/2023\/05\/IMG_2376.redimensionne-18x12.jpg 18w, https:\/\/domainetrepaloup.com\/wp-content\/uploads\/2023\/05\/IMG_2376.redimensionne-500x333.jpg 500w, https:\/\/domainetrepaloup.com\/wp-content\/uploads\/2023\/05\/IMG_2376.redimensionne.jpg 1500w\" sizes=\"(max-width: 1024px) 100vw, 1024px\" \/><\/figure><\/div>","protected":false},"excerpt":{"rendered":"Viognier 100%. M\u00e9thode de vinification La cuv\u00e9e est issue d\u2019une vendange manuelle, Pressurage direct et d\u00e9bourbage au froid 3 jours. Vinification avec contr\u00f4le des temp\u00e9ratures \u00e0 16-18\u00b0. \u00c9levage en cuve [...]","protected":false},"author":1,"featured_media":0,"parent":10441,"menu_order":0,"comment_status":"closed","ping_status":"closed","template":"tpl-onepage.php","meta":{"footnotes":""},"_links":{"self":[{"href":"https:\/\/domainetrepaloup.com\/en\/wp-json\/wp\/v2\/pages\/10584"}],"collection":[{"href":"https:\/\/domainetrepaloup.com\/en\/wp-json\/wp\/v2\/pages"}],"about":[{"href":"https:\/\/domainetrepaloup.com\/en\/wp-json\/wp\/v2\/types\/page"}],"author":[{"embeddable":true,"href":"https:\/\/domainetrepaloup.com\/en\/wp-json\/wp\/v2\/users\/1"}],"replies":[{"embeddable":true,"href":"https:\/\/domainetrepaloup.com\/en\/wp-json\/wp\/v2\/comments?post=10584"}],"version-history":[{"count":5,"href":"https:\/\/domainetrepaloup.com\/en\/wp-json\/wp\/v2\/pages\/10584\/revisions"}],"predecessor-version":[{"id":11499,"href":"https:\/\/domainetrepaloup.com\/en\/wp-json\/wp\/v2\/pages\/10584\/revisions\/11499"}],"up":[{"embeddable":true,"href":"https:\/\/domainetrepaloup.com\/en\/wp-json\/wp\/v2\/pages\/10441"}],"wp:attachment":[{"href":"https:\/\/domainetrepaloup.com\/en\/wp-json\/wp\/v2\/media?parent=10584"}],"curies":[{"name":"wp","href":"https:\/\/api.w.org\/{rel}","templated":true}]}}