{"id":10577,"date":"2023-04-16T15:11:17","date_gmt":"2023-04-16T13:11:17","guid":{"rendered":"http:\/\/p6108.webmo.fr\/?page_id=10577"},"modified":"2023-07-18T21:38:17","modified_gmt":"2023-07-18T19:38:17","slug":"carignan-igp-cevennes","status":"publish","type":"page","link":"https:\/\/domainetrepaloup.com\/en\/nos-vins-bio\/vins-de-cepages\/carignan-igp-cevennes\/","title":{"rendered":"Carignan 2022 &#8211; IGP C\u00e9vennes"},"content":{"rendered":"<div class=\"wp-block-media-text alignwide has-media-on-the-right is-stacked-on-mobile is-vertically-aligned-top\" style=\"grid-template-columns:auto 32%\"><div class=\"wp-block-media-text__content\">\n<p>Carignan 100%.<\/p>\n\n\n\n<h2 class=\"wp-block-heading\">M\u00e9thode de vinification<\/h2>\n\n\n\n<p>Vendange manuelle. Vinification en mac\u00e9ration traditionnelle 7 jours, avec pigeage. \u00c9levage en cuve pendant 4 mois avant mise en bouteilles.<\/p>\n\n\n\n<h2 class=\"wp-block-heading\">D\u00e9gustation<\/h2>\n\n\n\n<p><strong>Robe<\/strong> : Soutenue, dense rouge grenat.<\/p>\n\n\n\n<p><strong>Nez<\/strong> : Fruit tr\u00e8s pr\u00e9sent avec une belle typicit\u00e9 du c\u00e9page. Nez bien ouvert sur des notes de fruits rouges murs.<\/p>\n\n\n\n<p><strong>Bouche<\/strong> : Vin rond et doux avec une belle typicit\u00e9 du c\u00e9page Carignan. Fruit tr\u00e8s pr\u00e9sent. Les tanins sont souples et fondus.<\/p>\n\n\n\n<h2 class=\"wp-block-heading\">Garde<\/h2>\n\n\n\n<p>3 \u00e0 5 ans.<\/p>\n\n\n\n<h2 class=\"wp-block-heading\">Suggestion d&rsquo;accords mets-vin<\/h2>\n\n\n\n<p>Servir \u00e0 18-20\u00b0 sur viandes rouges, charcuteries et viandes blanches.<\/p>\n\n\n\n<h2 class=\"wp-block-heading\">Terroir<\/h2>\n\n\n\n<p>Parcelle \u00e0 flanc de coteaux. Sols caillouteux sur calcaires durs. Vieilles vignes de Carignan de 50 ans avec petit rendement.<\/p>\n\n\n\n<h2 class=\"wp-block-heading\">Fiche technique<\/h2>\n\n\n\n<div data-wp-interactive=\"\" class=\"wp-block-file\"><object data-wp-bind--hidden=\"!selectors.core.file.hasPdfPreview\" hidden class=\"wp-block-file__embed\" data=\"https:\/\/domainetrepaloup.com\/wp-content\/uploads\/2023\/05\/fiche-technique-Carignan-2022-IGP-Cevennes-bio-FR.pdf\" type=\"application\/pdf\" style=\"width:100%;height:600px\" aria-label=\"Embed of Fiche technique - Carignan.\"><\/object><a id=\"wp-block-file--media-621606a5-6965-4cf3-8bf7-868875f2049a\" href=\"https:\/\/domainetrepaloup.com\/wp-content\/uploads\/2023\/05\/fiche-technique-Carignan-2022-IGP-Cevennes-bio-FR.pdf\">Fiche technique &#8211; Carignan<\/a><a href=\"https:\/\/domainetrepaloup.com\/wp-content\/uploads\/2023\/05\/fiche-technique-Carignan-2022-IGP-Cevennes-bio-FR.pdf\" class=\"wp-block-file__button wp-element-button\" download aria-describedby=\"wp-block-file--media-621606a5-6965-4cf3-8bf7-868875f2049a\">T\u00e9l\u00e9charger<\/a><\/div>\n<\/div><figure class=\"wp-block-media-text__media\"><img loading=\"lazy\" decoding=\"async\" width=\"683\" height=\"1024\" src=\"https:\/\/domainetrepaloup.com\/wp-content\/uploads\/2023\/06\/IMG_2386.redimensionne-683x1024.jpg\" alt=\"Carignan\" class=\"wp-image-11193 size-full\" srcset=\"https:\/\/domainetrepaloup.com\/wp-content\/uploads\/2023\/06\/IMG_2386.redimensionne-683x1024.jpg 683w, https:\/\/domainetrepaloup.com\/wp-content\/uploads\/2023\/06\/IMG_2386.redimensionne-200x300.jpg 200w, https:\/\/domainetrepaloup.com\/wp-content\/uploads\/2023\/06\/IMG_2386.redimensionne-768x1152.jpg 768w, https:\/\/domainetrepaloup.com\/wp-content\/uploads\/2023\/06\/IMG_2386.redimensionne-8x12.jpg 8w, https:\/\/domainetrepaloup.com\/wp-content\/uploads\/2023\/06\/IMG_2386.redimensionne-500x750.jpg 500w, https:\/\/domainetrepaloup.com\/wp-content\/uploads\/2023\/06\/IMG_2386.redimensionne-rotated.jpg 1000w\" sizes=\"(max-width: 683px) 100vw, 683px\" \/><\/figure><\/div>\n\n\n\n<figure class=\"wp-block-image size-large\"><img loading=\"lazy\" decoding=\"async\" width=\"1024\" height=\"683\" src=\"https:\/\/domainetrepaloup.com\/wp-content\/uploads\/2023\/06\/IMG_2385.redimensionne-1024x683.jpg\" alt=\"Carignan\" class=\"wp-image-11192\" srcset=\"https:\/\/domainetrepaloup.com\/wp-content\/uploads\/2023\/06\/IMG_2385.redimensionne-1024x683.jpg 1024w, https:\/\/domainetrepaloup.com\/wp-content\/uploads\/2023\/06\/IMG_2385.redimensionne-300x200.jpg 300w, https:\/\/domainetrepaloup.com\/wp-content\/uploads\/2023\/06\/IMG_2385.redimensionne-768x512.jpg 768w, https:\/\/domainetrepaloup.com\/wp-content\/uploads\/2023\/06\/IMG_2385.redimensionne-18x12.jpg 18w, https:\/\/domainetrepaloup.com\/wp-content\/uploads\/2023\/06\/IMG_2385.redimensionne-500x333.jpg 500w, https:\/\/domainetrepaloup.com\/wp-content\/uploads\/2023\/06\/IMG_2385.redimensionne.jpg 1500w\" sizes=\"(max-width: 1024px) 100vw, 1024px\" \/><\/figure>","protected":false},"excerpt":{"rendered":"Carignan 100%. M\u00e9thode de vinification Vendange manuelle. Vinification en mac\u00e9ration traditionnelle 7 jours, avec pigeage. \u00c9levage en cuve pendant 4 mois avant mise en bouteilles. D\u00e9gustation Robe : Soutenue, dense [...]","protected":false},"author":1,"featured_media":0,"parent":10441,"menu_order":0,"comment_status":"closed","ping_status":"closed","template":"tpl-onepage.php","meta":{"footnotes":""},"_links":{"self":[{"href":"https:\/\/domainetrepaloup.com\/en\/wp-json\/wp\/v2\/pages\/10577"}],"collection":[{"href":"https:\/\/domainetrepaloup.com\/en\/wp-json\/wp\/v2\/pages"}],"about":[{"href":"https:\/\/domainetrepaloup.com\/en\/wp-json\/wp\/v2\/types\/page"}],"author":[{"embeddable":true,"href":"https:\/\/domainetrepaloup.com\/en\/wp-json\/wp\/v2\/users\/1"}],"replies":[{"embeddable":true,"href":"https:\/\/domainetrepaloup.com\/en\/wp-json\/wp\/v2\/comments?post=10577"}],"version-history":[{"count":6,"href":"https:\/\/domainetrepaloup.com\/en\/wp-json\/wp\/v2\/pages\/10577\/revisions"}],"predecessor-version":[{"id":11498,"href":"https:\/\/domainetrepaloup.com\/en\/wp-json\/wp\/v2\/pages\/10577\/revisions\/11498"}],"up":[{"embeddable":true,"href":"https:\/\/domainetrepaloup.com\/en\/wp-json\/wp\/v2\/pages\/10441"}],"wp:attachment":[{"href":"https:\/\/domainetrepaloup.com\/en\/wp-json\/wp\/v2\/media?parent=10577"}],"curies":[{"name":"wp","href":"https:\/\/api.w.org\/{rel}","templated":true}]}}