{"id":10572,"date":"2023-04-16T15:02:48","date_gmt":"2023-04-16T13:02:48","guid":{"rendered":"http:\/\/p6108.webmo.fr\/?page_id=10572"},"modified":"2023-07-18T21:37:36","modified_gmt":"2023-07-18T19:37:36","slug":"syrah-igp-cevennes","status":"publish","type":"page","link":"https:\/\/domainetrepaloup.com\/en\/nos-vins-bio\/vins-de-cepages\/syrah-igp-cevennes\/","title":{"rendered":"Syrah 2022 &#8211; IGP C\u00e9vennes"},"content":{"rendered":"<div class=\"wp-block-media-text alignwide has-media-on-the-right is-stacked-on-mobile is-vertically-aligned-top\" style=\"grid-template-columns:auto 32%\"><div class=\"wp-block-media-text__content\">\n<p>Syrah 90%. Marselan 10 %.<\/p>\n\n\n\n<h2 class=\"wp-block-heading\">M\u00e9thode de vinification<\/h2>\n\n\n\n<p>La cuv\u00e9e est issue d\u2019une vendange manuelle, 80 % syrah vinifi\u00e9 en mac\u00e9ration carbonique 8 jours, avec remontage journalier. 10 % de syrah et Marselan vinifi\u00e9 en mac\u00e9ration traditionnelle 30 jours avec pigeages journaliers. \u00c9levage en cuve pendant 5 mois avant mise en bouteilles.<\/p>\n\n\n\n<h2 class=\"wp-block-heading\">D\u00e9gustation<\/h2>\n\n\n\n<p><strong>Robe<\/strong> : Soutenue, dense rouge grenat.<\/p>\n\n\n\n<p>Nez : Fruit tr\u00e8s pr\u00e9sent avec une belle typicit\u00e9 du c\u00e9page. Nez bien ouvert sur des notes de fruits rouges murs.<\/p>\n\n\n\n<p><strong>Bouche<\/strong>: Vin dense et fruit\u00e9. Tr\u00e8s souple en bouche avec des tanins doux. Les tanins sont souples et fondus.<\/p>\n\n\n\n<h2 class=\"wp-block-heading\">Garde<\/h2>\n\n\n\n<p>2 \u00e0 3 ans<\/p>\n\n\n\n<h2 class=\"wp-block-heading\">Suggestion d\u2019accords mets-vin<\/h2>\n\n\n\n<p>Servir \u00e0 18-20\u00b0 sur viandes rouges, charcuteries et viandes froides.<\/p>\n\n\n\n<h2 class=\"wp-block-heading\">Terroir<\/h2>\n\n\n\n<p>Parcelles \u00e0 flanc de coteaux. Sols caillouteux sur calcaires durs. Deux parcelles de 20 et 35 ans.<\/p>\n\n\n\n<p>Climat M\u00e9diterran\u00e9en avec pluviom\u00e9trie moyenne de 900 \u00e0 1000 mm par an et un \u00e9t\u00e9 sec et chaud. Collines orient\u00e9es NE-SO.<\/p>\n\n\n\n<h2 class=\"wp-block-heading\">Fiche technique<\/h2>\n\n\n\n<div data-wp-interactive=\"\" class=\"wp-block-file\"><object data-wp-bind--hidden=\"!selectors.core.file.hasPdfPreview\" hidden class=\"wp-block-file__embed\" data=\"https:\/\/domainetrepaloup.com\/wp-content\/uploads\/2023\/05\/fiche-technique-Syrah-IGP-Cevennes-2022_FR.pdf\" type=\"application\/pdf\" style=\"width:100%;height:600px\" aria-label=\"Embed of Fiche technique - Syrah.\"><\/object><a id=\"wp-block-file--media-9b008f29-10ef-41a5-9c24-8c3da750fbbb\" href=\"https:\/\/domainetrepaloup.com\/wp-content\/uploads\/2023\/05\/fiche-technique-Syrah-IGP-Cevennes-2022_FR.pdf\">Fiche technique &#8211; Syrah<\/a><a href=\"https:\/\/domainetrepaloup.com\/wp-content\/uploads\/2023\/05\/fiche-technique-Syrah-IGP-Cevennes-2022_FR.pdf\" class=\"wp-block-file__button wp-element-button\" download aria-describedby=\"wp-block-file--media-9b008f29-10ef-41a5-9c24-8c3da750fbbb\">T\u00e9l\u00e9charger<\/a><\/div>\n<\/div><figure class=\"wp-block-media-text__media\"><img loading=\"lazy\" decoding=\"async\" width=\"683\" height=\"1024\" src=\"https:\/\/domainetrepaloup.com\/wp-content\/uploads\/2023\/05\/IMG_2361.redimensionne-683x1024.jpg\" alt=\"\" class=\"wp-image-10840 size-full\" srcset=\"https:\/\/domainetrepaloup.com\/wp-content\/uploads\/2023\/05\/IMG_2361.redimensionne-683x1024.jpg 683w, https:\/\/domainetrepaloup.com\/wp-content\/uploads\/2023\/05\/IMG_2361.redimensionne-200x300.jpg 200w, https:\/\/domainetrepaloup.com\/wp-content\/uploads\/2023\/05\/IMG_2361.redimensionne-768x1152.jpg 768w, https:\/\/domainetrepaloup.com\/wp-content\/uploads\/2023\/05\/IMG_2361.redimensionne-8x12.jpg 8w, https:\/\/domainetrepaloup.com\/wp-content\/uploads\/2023\/05\/IMG_2361.redimensionne-500x750.jpg 500w, https:\/\/domainetrepaloup.com\/wp-content\/uploads\/2023\/05\/IMG_2361.redimensionne.jpg 1000w\" sizes=\"(max-width: 683px) 100vw, 683px\" \/><\/figure><\/div>\n\n\n<div class=\"wp-block-image\">\n<figure class=\"aligncenter size-large\"><img loading=\"lazy\" decoding=\"async\" width=\"1024\" height=\"683\" src=\"http:\/\/p6108.webmo.fr\/wp-content\/uploads\/2023\/05\/IMG_2360.redimensionne-1024x683.jpg\" alt=\"\" class=\"wp-image-10839\" srcset=\"https:\/\/domainetrepaloup.com\/wp-content\/uploads\/2023\/05\/IMG_2360.redimensionne-1024x683.jpg 1024w, https:\/\/domainetrepaloup.com\/wp-content\/uploads\/2023\/05\/IMG_2360.redimensionne-300x200.jpg 300w, https:\/\/domainetrepaloup.com\/wp-content\/uploads\/2023\/05\/IMG_2360.redimensionne-768x512.jpg 768w, https:\/\/domainetrepaloup.com\/wp-content\/uploads\/2023\/05\/IMG_2360.redimensionne-18x12.jpg 18w, https:\/\/domainetrepaloup.com\/wp-content\/uploads\/2023\/05\/IMG_2360.redimensionne-500x333.jpg 500w, https:\/\/domainetrepaloup.com\/wp-content\/uploads\/2023\/05\/IMG_2360.redimensionne.jpg 1500w\" sizes=\"(max-width: 1024px) 100vw, 1024px\" \/><\/figure><\/div>","protected":false},"excerpt":{"rendered":"Syrah 90%. Marselan 10 %. M\u00e9thode de vinification La cuv\u00e9e est issue d\u2019une vendange manuelle, 80 % syrah vinifi\u00e9 en mac\u00e9ration carbonique 8 jours, avec remontage journalier. 10 % de [...]","protected":false},"author":1,"featured_media":0,"parent":10441,"menu_order":0,"comment_status":"closed","ping_status":"closed","template":"tpl-onepage.php","meta":{"footnotes":""},"_links":{"self":[{"href":"https:\/\/domainetrepaloup.com\/en\/wp-json\/wp\/v2\/pages\/10572"}],"collection":[{"href":"https:\/\/domainetrepaloup.com\/en\/wp-json\/wp\/v2\/pages"}],"about":[{"href":"https:\/\/domainetrepaloup.com\/en\/wp-json\/wp\/v2\/types\/page"}],"author":[{"embeddable":true,"href":"https:\/\/domainetrepaloup.com\/en\/wp-json\/wp\/v2\/users\/1"}],"replies":[{"embeddable":true,"href":"https:\/\/domainetrepaloup.com\/en\/wp-json\/wp\/v2\/comments?post=10572"}],"version-history":[{"count":6,"href":"https:\/\/domainetrepaloup.com\/en\/wp-json\/wp\/v2\/pages\/10572\/revisions"}],"predecessor-version":[{"id":11497,"href":"https:\/\/domainetrepaloup.com\/en\/wp-json\/wp\/v2\/pages\/10572\/revisions\/11497"}],"up":[{"embeddable":true,"href":"https:\/\/domainetrepaloup.com\/en\/wp-json\/wp\/v2\/pages\/10441"}],"wp:attachment":[{"href":"https:\/\/domainetrepaloup.com\/en\/wp-json\/wp\/v2\/media?parent=10572"}],"curies":[{"name":"wp","href":"https:\/\/api.w.org\/{rel}","templated":true}]}}