{"id":10558,"date":"2023-04-16T14:28:35","date_gmt":"2023-04-16T12:28:35","guid":{"rendered":"http:\/\/p6108.webmo.fr\/?page_id=10558"},"modified":"2023-07-18T21:47:30","modified_gmt":"2023-07-18T19:47:30","slug":"le-petit-grain-igp-cevennes","status":"publish","type":"page","link":"https:\/\/domainetrepaloup.com\/en\/nos-vins-bio\/vins-dassemblage\/le-petit-grain-igp-cevennes\/","title":{"rendered":"Le Petit Grain 2022 &#8211; IGP C\u00e9vennes"},"content":{"rendered":"<div class=\"wp-block-media-text alignwide has-media-on-the-right is-stacked-on-mobile is-vertically-aligned-top\" style=\"grid-template-columns:auto 32%\"><div class=\"wp-block-media-text__content\">\n<p>Muscat petit-grain 50%. Vermentino 50%.<\/p>\n\n\n\n<h2 class=\"wp-block-heading\">M\u00e9thode de vinification<\/h2>\n\n\n\n<p>Vendanges manuelles s\u00e9par\u00e9es pour chaque c\u00e9page. Pressurage direct et d\u00e9bourbage au froid pendant 3 j. Vinification s\u00e9par\u00e9e sous contr\u00f4le de temp\u00e9ratures autour de 17\u00b0. \u00c9levage en cuve sur lies fines avec batonnage pendant 3 mois avant assemblage et mise en bouteilles.<\/p>\n\n\n\n<h2 class=\"wp-block-heading\">D\u00e9gustation<\/h2>\n\n\n\n<p><strong>Robe<\/strong> : belle robe jaune claire.<\/p>\n\n\n\n<p><strong>Nez<\/strong> : expressif, fin et floral.<\/p>\n\n\n\n<p><strong>Bouche<\/strong>: vin sec et frais tr\u00e8s aromatique. Les notes de muscat et de mandarine sont pr\u00e9sentes. Ar\u00f4mes floraux et \u00e9l\u00e9gants. Bonne persistance en bouche avec une belle fra\u00eecheur<\/p>\n\n\n\n<h2 class=\"wp-block-heading\">Garde<\/h2>\n\n\n\n<p>2 ans.<\/p>\n\n\n\n<h2 class=\"wp-block-heading\">Suggestion d\u2019accords mets-vin<\/h2>\n\n\n\n<p>Vin tr\u00e8s agr\u00e9able \u00e0 l\u2019ap\u00e9ritif. Servir sur fromages frais de ch\u00e8vre ou brebis, cuisine exotique aux fruits<\/p>\n\n\n\n<h2 class=\"wp-block-heading\">Terroir<\/h2>\n\n\n\n<p>Sols de coteaux argilo-calcaires profonds. Parcelle de 1 ha, complant\u00e9e de muscat petits grains et de Vermentino .Climat M\u00e9diterran\u00e9en avec pluviom\u00e9trie moyenne de 900 \u00e0 1000 mm par an et un \u00e9t\u00e9 sec et chaud. Collines orient\u00e9es NE-SO<\/p>\n\n\n\n<h2 class=\"wp-block-heading\">Fiche technique<\/h2>\n\n\n\n<div data-wp-interactive=\"\" class=\"wp-block-file\"><object data-wp-bind--hidden=\"!selectors.core.file.hasPdfPreview\" hidden class=\"wp-block-file__embed\" data=\"https:\/\/domainetrepaloup.com\/wp-content\/uploads\/2023\/05\/fiche-technique-Le-Petit-Grain-IGP-Cevennes-2022_FR.pdf\" type=\"application\/pdf\" style=\"width:100%;height:600px\" aria-label=\"Embed of Fiche technique - Le Petit Grain.\"><\/object><a id=\"wp-block-file--media-09110df5-61c0-4eea-a0de-d370490599a4\" href=\"https:\/\/domainetrepaloup.com\/wp-content\/uploads\/2023\/05\/fiche-technique-Le-Petit-Grain-IGP-Cevennes-2022_FR.pdf\">Fiche technique \u2013 Le Petit Grain<\/a><a href=\"https:\/\/domainetrepaloup.com\/wp-content\/uploads\/2023\/05\/fiche-technique-Le-Petit-Grain-IGP-Cevennes-2022_FR.pdf\" class=\"wp-block-file__button wp-element-button\" download aria-describedby=\"wp-block-file--media-09110df5-61c0-4eea-a0de-d370490599a4\">T\u00e9l\u00e9charger<\/a><\/div>\n<\/div><figure class=\"wp-block-media-text__media\"><img loading=\"lazy\" decoding=\"async\" width=\"683\" height=\"1024\" src=\"https:\/\/domainetrepaloup.com\/wp-content\/uploads\/2023\/05\/IMG_2372.redimensionne-683x1024.jpg\" alt=\"\" class=\"wp-image-10851 size-full\" srcset=\"https:\/\/domainetrepaloup.com\/wp-content\/uploads\/2023\/05\/IMG_2372.redimensionne-683x1024.jpg 683w, https:\/\/domainetrepaloup.com\/wp-content\/uploads\/2023\/05\/IMG_2372.redimensionne-200x300.jpg 200w, https:\/\/domainetrepaloup.com\/wp-content\/uploads\/2023\/05\/IMG_2372.redimensionne-768x1152.jpg 768w, https:\/\/domainetrepaloup.com\/wp-content\/uploads\/2023\/05\/IMG_2372.redimensionne-8x12.jpg 8w, https:\/\/domainetrepaloup.com\/wp-content\/uploads\/2023\/05\/IMG_2372.redimensionne-500x750.jpg 500w, https:\/\/domainetrepaloup.com\/wp-content\/uploads\/2023\/05\/IMG_2372.redimensionne.jpg 1000w\" sizes=\"(max-width: 683px) 100vw, 683px\" \/><\/figure><\/div>\n\n\n<div class=\"wp-block-image\">\n<figure class=\"aligncenter size-large\"><img loading=\"lazy\" decoding=\"async\" width=\"1024\" height=\"683\" src=\"http:\/\/p6108.webmo.fr\/wp-content\/uploads\/2023\/05\/IMG_2370.redimensionne-1024x683.jpg\" alt=\"\" class=\"wp-image-10850\" srcset=\"https:\/\/domainetrepaloup.com\/wp-content\/uploads\/2023\/05\/IMG_2370.redimensionne-1024x683.jpg 1024w, https:\/\/domainetrepaloup.com\/wp-content\/uploads\/2023\/05\/IMG_2370.redimensionne-300x200.jpg 300w, https:\/\/domainetrepaloup.com\/wp-content\/uploads\/2023\/05\/IMG_2370.redimensionne-768x512.jpg 768w, https:\/\/domainetrepaloup.com\/wp-content\/uploads\/2023\/05\/IMG_2370.redimensionne-18x12.jpg 18w, https:\/\/domainetrepaloup.com\/wp-content\/uploads\/2023\/05\/IMG_2370.redimensionne-500x333.jpg 500w, https:\/\/domainetrepaloup.com\/wp-content\/uploads\/2023\/05\/IMG_2370.redimensionne.jpg 1500w\" sizes=\"(max-width: 1024px) 100vw, 1024px\" \/><\/figure><\/div>","protected":false},"excerpt":{"rendered":"Muscat petit-grain 50%. Vermentino 50%. M\u00e9thode de vinification Vendanges manuelles s\u00e9par\u00e9es pour chaque c\u00e9page. Pressurage direct et d\u00e9bourbage au froid pendant 3 j. Vinification s\u00e9par\u00e9e sous contr\u00f4le de temp\u00e9ratures autour [...]","protected":false},"author":1,"featured_media":0,"parent":10439,"menu_order":0,"comment_status":"closed","ping_status":"closed","template":"tpl-onepage.php","meta":{"footnotes":""},"_links":{"self":[{"href":"https:\/\/domainetrepaloup.com\/en\/wp-json\/wp\/v2\/pages\/10558"}],"collection":[{"href":"https:\/\/domainetrepaloup.com\/en\/wp-json\/wp\/v2\/pages"}],"about":[{"href":"https:\/\/domainetrepaloup.com\/en\/wp-json\/wp\/v2\/types\/page"}],"author":[{"embeddable":true,"href":"https:\/\/domainetrepaloup.com\/en\/wp-json\/wp\/v2\/users\/1"}],"replies":[{"embeddable":true,"href":"https:\/\/domainetrepaloup.com\/en\/wp-json\/wp\/v2\/comments?post=10558"}],"version-history":[{"count":8,"href":"https:\/\/domainetrepaloup.com\/en\/wp-json\/wp\/v2\/pages\/10558\/revisions"}],"predecessor-version":[{"id":11508,"href":"https:\/\/domainetrepaloup.com\/en\/wp-json\/wp\/v2\/pages\/10558\/revisions\/11508"}],"up":[{"embeddable":true,"href":"https:\/\/domainetrepaloup.com\/en\/wp-json\/wp\/v2\/pages\/10439"}],"wp:attachment":[{"href":"https:\/\/domainetrepaloup.com\/en\/wp-json\/wp\/v2\/media?parent=10558"}],"curies":[{"name":"wp","href":"https:\/\/api.w.org\/{rel}","templated":true}]}}