{"id":10551,"date":"2023-04-16T14:19:48","date_gmt":"2023-04-16T12:19:48","guid":{"rendered":"http:\/\/p6108.webmo.fr\/?page_id=10551"},"modified":"2023-07-18T21:45:43","modified_gmt":"2023-07-18T19:45:43","slug":"les-pierres-blanches-aoc-languedoc","status":"publish","type":"page","link":"https:\/\/domainetrepaloup.com\/en\/nos-vins-bio\/vins-dassemblage\/les-pierres-blanches-aoc-languedoc\/","title":{"rendered":"Les Pierres Blanches 2022 &#8211; AOP Languedoc"},"content":{"rendered":"<div class=\"wp-block-media-text alignwide has-media-on-the-right is-stacked-on-mobile is-vertically-aligned-top\" style=\"grid-template-columns:auto 32%\"><div class=\"wp-block-media-text__content\">\n<p>Cuv\u00e9e issue de 60% de Grenache blanc et de 40% de Roussanne.<\/p>\n\n\n\n<h2 class=\"wp-block-heading\">M\u00e9thode de vinification<\/h2>\n\n\n\n<p>Vendange manuelle de la totalit\u00e9 de la parcelle. Foulage \u00e9grappage. Pressurage direct et d\u00e9bourbage au froid 2 jours. Vinification avec contr\u00f4le de temp\u00e9ratures \u00e0 16-18\u00b0. \u00c9levage en cuve sur lies fines avec batonnage pour 70% de la cuv\u00e9e. \u00c9levage en barrique 400 litres sur lies avec batonnage pour 30 % de la cuv\u00e9e. Mise en bouteilles apr\u00e8s 9 mois d\u2019\u00e9levage<\/p>\n\n\n\n<h2 class=\"wp-block-heading\">D\u00e9gustation<\/h2>\n\n\n\n<p><strong>Robe<\/strong> : robe jaune soutenue.<\/p>\n\n\n\n<p><strong>Nez<\/strong> : Bien ouvert sur des notes de fleurs blanches.<\/p>\n\n\n\n<p><strong>Bouche<\/strong> : Vin sec avec une belle vivacit\u00e9 en bouche, notes d\u2019agrumes. La bouche est longue, persistante et ronde. Une belle min\u00e9ralit\u00e9 soutient le tout.<\/p>\n\n\n\n<h2 class=\"wp-block-heading\">Garde<\/h2>\n\n\n\n<p>4 ans.<\/p>\n\n\n\n<h2 class=\"wp-block-heading\">Suggestion d&rsquo;accords mets-vin<\/h2>\n\n\n\n<p>Sur poissons au four. S\u2019accorde bien avec cuisine au fenouil, c\u00e9leri, aneth et sur queues de lotte \u00e0 l\u2019armoricaine.<\/p>\n\n\n\n<h2 class=\"wp-block-heading\">Terroir<\/h2>\n\n\n\n<p>Parcelle de 50 ares \u00e0 flanc de coteaux au milieu de la garrigue et for\u00eats de pins. Argiles rouges, \u00e9boulis de calcaires durs et gravette calcaire. Plantation 10 rangs de Roussanne et 11 rangs de Grenache blanc<\/p>\n\n\n\n<h2 class=\"wp-block-heading\">Fiche technique<\/h2>\n\n\n\n<div data-wp-interactive=\"\" class=\"wp-block-file\"><object data-wp-bind--hidden=\"!selectors.core.file.hasPdfPreview\" hidden class=\"wp-block-file__embed\" data=\"https:\/\/domainetrepaloup.com\/wp-content\/uploads\/2023\/05\/fiche-technique-Pierres-Blanches-2022_FR.pdf\" type=\"application\/pdf\" style=\"width:100%;height:600px\" aria-label=\"Embed of Fiche technique - Les Pierres Blanches.\"><\/object><a id=\"wp-block-file--media-c5ed8555-24ef-4eb9-9bfe-c5bac0ffe11e\" href=\"https:\/\/domainetrepaloup.com\/wp-content\/uploads\/2023\/05\/fiche-technique-Pierres-Blanches-2022_FR.pdf\">Fiche technique &#8211; Les Pierres Blanches<\/a><a href=\"https:\/\/domainetrepaloup.com\/wp-content\/uploads\/2023\/05\/fiche-technique-Pierres-Blanches-2022_FR.pdf\" class=\"wp-block-file__button wp-element-button\" download aria-describedby=\"wp-block-file--media-c5ed8555-24ef-4eb9-9bfe-c5bac0ffe11e\">T\u00e9l\u00e9charger<\/a><\/div>\n<\/div><figure class=\"wp-block-media-text__media\"><img loading=\"lazy\" decoding=\"async\" width=\"683\" height=\"1024\" src=\"http:\/\/p6108.webmo.fr\/wp-content\/uploads\/2023\/05\/IMG_2369.redimensionne-683x1024.jpg\" alt=\"\" class=\"wp-image-10849 size-full\" srcset=\"https:\/\/domainetrepaloup.com\/wp-content\/uploads\/2023\/05\/IMG_2369.redimensionne-683x1024.jpg 683w, https:\/\/domainetrepaloup.com\/wp-content\/uploads\/2023\/05\/IMG_2369.redimensionne-200x300.jpg 200w, https:\/\/domainetrepaloup.com\/wp-content\/uploads\/2023\/05\/IMG_2369.redimensionne-768x1152.jpg 768w, https:\/\/domainetrepaloup.com\/wp-content\/uploads\/2023\/05\/IMG_2369.redimensionne-8x12.jpg 8w, https:\/\/domainetrepaloup.com\/wp-content\/uploads\/2023\/05\/IMG_2369.redimensionne-500x750.jpg 500w, https:\/\/domainetrepaloup.com\/wp-content\/uploads\/2023\/05\/IMG_2369.redimensionne.jpg 1000w\" sizes=\"(max-width: 683px) 100vw, 683px\" \/><\/figure><\/div>\n\n\n<div class=\"wp-block-image\">\n<figure class=\"aligncenter size-large\"><img loading=\"lazy\" decoding=\"async\" width=\"1024\" height=\"683\" src=\"http:\/\/p6108.webmo.fr\/wp-content\/uploads\/2023\/05\/IMG_2368.redimensionne-1024x683.jpg\" alt=\"\" class=\"wp-image-10847\" srcset=\"https:\/\/domainetrepaloup.com\/wp-content\/uploads\/2023\/05\/IMG_2368.redimensionne-1024x683.jpg 1024w, https:\/\/domainetrepaloup.com\/wp-content\/uploads\/2023\/05\/IMG_2368.redimensionne-300x200.jpg 300w, https:\/\/domainetrepaloup.com\/wp-content\/uploads\/2023\/05\/IMG_2368.redimensionne-768x512.jpg 768w, https:\/\/domainetrepaloup.com\/wp-content\/uploads\/2023\/05\/IMG_2368.redimensionne-18x12.jpg 18w, https:\/\/domainetrepaloup.com\/wp-content\/uploads\/2023\/05\/IMG_2368.redimensionne-500x333.jpg 500w, https:\/\/domainetrepaloup.com\/wp-content\/uploads\/2023\/05\/IMG_2368.redimensionne.jpg 1500w\" sizes=\"(max-width: 1024px) 100vw, 1024px\" \/><\/figure><\/div>","protected":false},"excerpt":{"rendered":"Cuv\u00e9e issue de 60% de Grenache blanc et de 40% de Roussanne. M\u00e9thode de vinification Vendange manuelle de la totalit\u00e9 de la parcelle. Foulage \u00e9grappage. Pressurage direct et d\u00e9bourbage au [...]","protected":false},"author":1,"featured_media":0,"parent":10439,"menu_order":0,"comment_status":"closed","ping_status":"closed","template":"tpl-onepage.php","meta":{"footnotes":""},"_links":{"self":[{"href":"https:\/\/domainetrepaloup.com\/en\/wp-json\/wp\/v2\/pages\/10551"}],"collection":[{"href":"https:\/\/domainetrepaloup.com\/en\/wp-json\/wp\/v2\/pages"}],"about":[{"href":"https:\/\/domainetrepaloup.com\/en\/wp-json\/wp\/v2\/types\/page"}],"author":[{"embeddable":true,"href":"https:\/\/domainetrepaloup.com\/en\/wp-json\/wp\/v2\/users\/1"}],"replies":[{"embeddable":true,"href":"https:\/\/domainetrepaloup.com\/en\/wp-json\/wp\/v2\/comments?post=10551"}],"version-history":[{"count":7,"href":"https:\/\/domainetrepaloup.com\/en\/wp-json\/wp\/v2\/pages\/10551\/revisions"}],"predecessor-version":[{"id":11506,"href":"https:\/\/domainetrepaloup.com\/en\/wp-json\/wp\/v2\/pages\/10551\/revisions\/11506"}],"up":[{"embeddable":true,"href":"https:\/\/domainetrepaloup.com\/en\/wp-json\/wp\/v2\/pages\/10439"}],"wp:attachment":[{"href":"https:\/\/domainetrepaloup.com\/en\/wp-json\/wp\/v2\/media?parent=10551"}],"curies":[{"name":"wp","href":"https:\/\/api.w.org\/{rel}","templated":true}]}}