{"id":10545,"date":"2023-04-15T22:26:28","date_gmt":"2023-04-15T20:26:28","guid":{"rendered":"http:\/\/p6108.webmo.fr\/?page_id=10545"},"modified":"2023-07-18T21:45:45","modified_gmt":"2023-07-18T19:45:45","slug":"le-vin-de-copains-igp-cevennes","status":"publish","type":"page","link":"https:\/\/domainetrepaloup.com\/en\/nos-vins-bio\/vins-dassemblage\/le-vin-de-copains-igp-cevennes\/","title":{"rendered":"Le Vin de Copains 2022 &#8211; IGP C\u00e9vennes"},"content":{"rendered":"<div class=\"wp-block-media-text alignwide has-media-on-the-right is-stacked-on-mobile is-vertically-aligned-top\" style=\"grid-template-columns:auto 34%\"><div class=\"wp-block-media-text__content\">\n<p>Mourv\u00e8dre 30%. Carignan 30%. Grenache Noir 20%. Syrah 20%.<\/p>\n\n\n\n<h2 class=\"wp-block-heading\">M\u00e9thode de vinification<\/h2>\n\n\n\n<p>Vinification s\u00e9par\u00e9e pour chaque c\u00e9page, vendang\u00e9s \u00e0 la main. Vinification traditionnelle en \u00e9grapp\u00e9 foul\u00e9 pendant 20 \u00e0 30 jours pour la Syrah et le Grenache. Mac\u00e9ration carbonique 8 jours pour le Carignan et Mourv\u00e8dre. Assemblage de la cuv\u00e9e et 3 mois d\u2019\u00e9levage en cuve.<\/p>\n\n\n\n<h2 class=\"wp-block-heading\">D\u00e9gustation<\/h2>\n\n\n\n<p><strong>Robe<\/strong> : Belle couleur rouge vif nuance grenat.<\/p>\n\n\n\n<p><strong>Nez<\/strong> : Ouvert sur des notes de fruits rouges murs.<\/p>\n\n\n\n<p><strong>Bouche<\/strong>: Vin fruit\u00e9, gourmand et rond, avec de l\u00e9gers ar\u00f4mes \u00e9pic\u00e9s. Belle douceur en bouche, tanins doux.<\/p>\n\n\n\n<h2 class=\"wp-block-heading\">Garde<\/h2>\n\n\n\n<p>2 \u00e0 4 ans<\/p>\n\n\n\n<h2 class=\"wp-block-heading\">Suggestion d&rsquo;accords mets-vin<\/h2>\n\n\n\n<p>Servir \u00e0 17\u00b0 avec de la charcuteries, tartes chaudes, salades compos\u00e9es, fromages&#8230; O\u00f9 tout simplement accompagn\u00e9 de bons Amis !<\/p>\n\n\n\n<h2 class=\"wp-block-heading\">Terroir<\/h2>\n\n\n\n<p>Parcelles \u00e0 flanc de coteaux.<\/p>\n\n\n\n<h2 class=\"wp-block-heading\">Fiche technique<\/h2>\n\n\n\n<div data-wp-interactive=\"\" class=\"wp-block-file\"><object data-wp-bind--hidden=\"!selectors.core.file.hasPdfPreview\" hidden class=\"wp-block-file__embed\" data=\"https:\/\/domainetrepaloup.com\/wp-content\/uploads\/2023\/05\/fiche-technique-Vin-de-Copains_IGP-Cevennes-2022_FR.pdf\" type=\"application\/pdf\" style=\"width:100%;height:600px\" aria-label=\"Embed of Fiche technique -Le Vin de Copains.\"><\/object><a id=\"wp-block-file--media-54b3060d-17f6-4e22-be3e-72c61fe7e18b\" href=\"https:\/\/domainetrepaloup.com\/wp-content\/uploads\/2023\/05\/fiche-technique-Vin-de-Copains_IGP-Cevennes-2022_FR.pdf\">Fiche technique -Le Vin de Copains<\/a><a href=\"https:\/\/domainetrepaloup.com\/wp-content\/uploads\/2023\/05\/fiche-technique-Vin-de-Copains_IGP-Cevennes-2022_FR.pdf\" class=\"wp-block-file__button wp-element-button\" download aria-describedby=\"wp-block-file--media-54b3060d-17f6-4e22-be3e-72c61fe7e18b\">T\u00e9l\u00e9charger<\/a><\/div>\n<\/div><figure class=\"wp-block-media-text__media\"><img loading=\"lazy\" decoding=\"async\" width=\"683\" height=\"1024\" src=\"https:\/\/domainetrepaloup.com\/wp-content\/uploads\/2023\/05\/IMG_2365.redimensionne-683x1024.jpg\" alt=\"\" class=\"wp-image-10844 size-full\" srcset=\"https:\/\/domainetrepaloup.com\/wp-content\/uploads\/2023\/05\/IMG_2365.redimensionne-683x1024.jpg 683w, https:\/\/domainetrepaloup.com\/wp-content\/uploads\/2023\/05\/IMG_2365.redimensionne-200x300.jpg 200w, https:\/\/domainetrepaloup.com\/wp-content\/uploads\/2023\/05\/IMG_2365.redimensionne-768x1152.jpg 768w, https:\/\/domainetrepaloup.com\/wp-content\/uploads\/2023\/05\/IMG_2365.redimensionne-8x12.jpg 8w, https:\/\/domainetrepaloup.com\/wp-content\/uploads\/2023\/05\/IMG_2365.redimensionne-500x750.jpg 500w, https:\/\/domainetrepaloup.com\/wp-content\/uploads\/2023\/05\/IMG_2365.redimensionne.jpg 1000w\" sizes=\"(max-width: 683px) 100vw, 683px\" \/><\/figure><\/div>\n\n\n<div class=\"wp-block-image\">\n<figure class=\"aligncenter size-large\"><img loading=\"lazy\" decoding=\"async\" width=\"1024\" height=\"683\" src=\"http:\/\/p6108.webmo.fr\/wp-content\/uploads\/2023\/05\/IMG_2364.redimensionne-1024x683.jpg\" alt=\"\" class=\"wp-image-10843\" srcset=\"https:\/\/domainetrepaloup.com\/wp-content\/uploads\/2023\/05\/IMG_2364.redimensionne-1024x683.jpg 1024w, https:\/\/domainetrepaloup.com\/wp-content\/uploads\/2023\/05\/IMG_2364.redimensionne-300x200.jpg 300w, https:\/\/domainetrepaloup.com\/wp-content\/uploads\/2023\/05\/IMG_2364.redimensionne-768x512.jpg 768w, https:\/\/domainetrepaloup.com\/wp-content\/uploads\/2023\/05\/IMG_2364.redimensionne-18x12.jpg 18w, https:\/\/domainetrepaloup.com\/wp-content\/uploads\/2023\/05\/IMG_2364.redimensionne-500x333.jpg 500w, https:\/\/domainetrepaloup.com\/wp-content\/uploads\/2023\/05\/IMG_2364.redimensionne.jpg 1500w\" sizes=\"(max-width: 1024px) 100vw, 1024px\" \/><\/figure><\/div>","protected":false},"excerpt":{"rendered":"Mourv\u00e8dre 30%. Carignan 30%. Grenache Noir 20%. Syrah 20%. M\u00e9thode de vinification Vinification s\u00e9par\u00e9e pour chaque c\u00e9page, vendang\u00e9s \u00e0 la main. Vinification traditionnelle en \u00e9grapp\u00e9 foul\u00e9 pendant 20 \u00e0 30 [...]","protected":false},"author":1,"featured_media":0,"parent":10439,"menu_order":0,"comment_status":"closed","ping_status":"closed","template":"tpl-onepage.php","meta":{"footnotes":""},"_links":{"self":[{"href":"https:\/\/domainetrepaloup.com\/en\/wp-json\/wp\/v2\/pages\/10545"}],"collection":[{"href":"https:\/\/domainetrepaloup.com\/en\/wp-json\/wp\/v2\/pages"}],"about":[{"href":"https:\/\/domainetrepaloup.com\/en\/wp-json\/wp\/v2\/types\/page"}],"author":[{"embeddable":true,"href":"https:\/\/domainetrepaloup.com\/en\/wp-json\/wp\/v2\/users\/1"}],"replies":[{"embeddable":true,"href":"https:\/\/domainetrepaloup.com\/en\/wp-json\/wp\/v2\/comments?post=10545"}],"version-history":[{"count":6,"href":"https:\/\/domainetrepaloup.com\/en\/wp-json\/wp\/v2\/pages\/10545\/revisions"}],"predecessor-version":[{"id":11507,"href":"https:\/\/domainetrepaloup.com\/en\/wp-json\/wp\/v2\/pages\/10545\/revisions\/11507"}],"up":[{"embeddable":true,"href":"https:\/\/domainetrepaloup.com\/en\/wp-json\/wp\/v2\/pages\/10439"}],"wp:attachment":[{"href":"https:\/\/domainetrepaloup.com\/en\/wp-json\/wp\/v2\/media?parent=10545"}],"curies":[{"name":"wp","href":"https:\/\/api.w.org\/{rel}","templated":true}]}}