{"id":10540,"date":"2023-04-15T22:18:37","date_gmt":"2023-04-15T20:18:37","guid":{"rendered":"http:\/\/p6108.webmo.fr\/?page_id=10540"},"modified":"2023-07-18T21:45:15","modified_gmt":"2023-07-18T19:45:15","slug":"cuvee-la-raiole-igp-cevennes","status":"publish","type":"page","link":"https:\/\/domainetrepaloup.com\/en\/nos-vins-bio\/vins-dassemblage\/cuvee-la-raiole-igp-cevennes\/","title":{"rendered":"Cuv\u00e9e La Ra\u00efole 2022 &#8211; IGP C\u00e9vennes"},"content":{"rendered":"<div class=\"wp-block-media-text alignwide has-media-on-the-right is-stacked-on-mobile is-vertically-aligned-top\" style=\"grid-template-columns:auto 32%\"><div class=\"wp-block-media-text__content\">\n<p>Marselan 30 %. Syrah 13%. Merlot 17%. Carignan 20%. Grenache Noir 11%. Mourv\u00e8dre 9%.<\/p>\n\n\n\n<h2 class=\"wp-block-heading\">M\u00e9thode de vinification<\/h2>\n\n\n\n<p>Vinification s\u00e9par\u00e9e pour chaque c\u00e9page. Vinification traditionnelle en \u00e9grapp\u00e9 foul\u00e9 pendant 20 \u00e0 30 jours ( Marselan, merlot, grenache). Vendanges manuelles puis mac\u00e9ration carbonique 8 jours pour la syrah, Carignan et Mourv\u00e8dre Assemblage de la cuv\u00e9e et 3 mois d\u2019\u00e9levage en cuve.<\/p>\n\n\n\n<h2 class=\"wp-block-heading\">D\u00e9gustation<\/h2>\n\n\n\n<p><strong>Robe<\/strong> : belle couleur rouge vif nuance grenat.<\/p>\n\n\n\n<p><strong>Nez<\/strong> : Bien ouvert sur des notes de fruits rouges murs. Le fruit domine.<\/p>\n\n\n\n<p><strong>Bouche<\/strong> : Vin tr\u00e8s fruit\u00e9 et rond, avec ar\u00f4mes \u00e9pic\u00e9s l\u00e9gers, belle fra\u00eecheur en bouche, tanins doux.<\/p>\n\n\n\n<h2 class=\"wp-block-heading\">Garde<\/h2>\n\n\n\n<p>2 \u00e0 4 ans.<\/p>\n\n\n\n<h2 class=\"wp-block-heading\">Suggestion d\u2019accords mets-vin<\/h2>\n\n\n\n<p>Servir \u00e0 17\u00b0 avec viandes grill\u00e9es, viandes froides et charcuteries, tartes chaudes, salades compos\u00e9es et fromages.<\/p>\n\n\n\n<h2 class=\"wp-block-heading\">Terroir<\/h2>\n\n\n\n<p>Parcelles \u00e0 flanc de coteaux.<\/p>\n\n\n\n<h2 class=\"wp-block-heading\">Fiche technique<\/h2>\n\n\n\n<div data-wp-interactive=\"\" class=\"wp-block-file\"><object data-wp-bind--hidden=\"!selectors.core.file.hasPdfPreview\" hidden class=\"wp-block-file__embed\" data=\"https:\/\/domainetrepaloup.com\/wp-content\/uploads\/2023\/05\/fiche-technique-Raiole_IGP-Cevennes-2022_FR.pdf\" type=\"application\/pdf\" style=\"width:100%;height:600px\" aria-label=\"Embed of Fiche technique - La Ra\u00efole.\"><\/object><a id=\"wp-block-file--media-ba6d5db8-bdcc-4b8d-8311-7ade21620ac3\" href=\"https:\/\/domainetrepaloup.com\/wp-content\/uploads\/2023\/05\/fiche-technique-Raiole_IGP-Cevennes-2022_FR.pdf\">Fiche technique \u2013 La Ra\u00efole<\/a><a href=\"https:\/\/domainetrepaloup.com\/wp-content\/uploads\/2023\/05\/fiche-technique-Raiole_IGP-Cevennes-2022_FR.pdf\" class=\"wp-block-file__button wp-element-button\" download aria-describedby=\"wp-block-file--media-ba6d5db8-bdcc-4b8d-8311-7ade21620ac3\">T\u00e9l\u00e9charger<\/a><\/div>\n<\/div><figure class=\"wp-block-media-text__media\"><img loading=\"lazy\" decoding=\"async\" width=\"683\" height=\"1024\" src=\"https:\/\/domainetrepaloup.com\/wp-content\/uploads\/2023\/05\/IMG_2350.redimensionne-683x1024.jpg\" alt=\"\" class=\"wp-image-10828 size-full\" srcset=\"https:\/\/domainetrepaloup.com\/wp-content\/uploads\/2023\/05\/IMG_2350.redimensionne-683x1024.jpg 683w, https:\/\/domainetrepaloup.com\/wp-content\/uploads\/2023\/05\/IMG_2350.redimensionne-200x300.jpg 200w, https:\/\/domainetrepaloup.com\/wp-content\/uploads\/2023\/05\/IMG_2350.redimensionne-768x1152.jpg 768w, https:\/\/domainetrepaloup.com\/wp-content\/uploads\/2023\/05\/IMG_2350.redimensionne-8x12.jpg 8w, https:\/\/domainetrepaloup.com\/wp-content\/uploads\/2023\/05\/IMG_2350.redimensionne-500x750.jpg 500w, https:\/\/domainetrepaloup.com\/wp-content\/uploads\/2023\/05\/IMG_2350.redimensionne.jpg 1000w\" sizes=\"(max-width: 683px) 100vw, 683px\" \/><\/figure><\/div>\n\n\n<div class=\"wp-block-image\">\n<figure class=\"aligncenter size-large\"><img loading=\"lazy\" decoding=\"async\" width=\"1024\" height=\"683\" src=\"http:\/\/p6108.webmo.fr\/wp-content\/uploads\/2023\/05\/IMG_2349.redimensionne-1024x683.jpg\" alt=\"\" class=\"wp-image-10827\" srcset=\"https:\/\/domainetrepaloup.com\/wp-content\/uploads\/2023\/05\/IMG_2349.redimensionne-1024x683.jpg 1024w, https:\/\/domainetrepaloup.com\/wp-content\/uploads\/2023\/05\/IMG_2349.redimensionne-300x200.jpg 300w, https:\/\/domainetrepaloup.com\/wp-content\/uploads\/2023\/05\/IMG_2349.redimensionne-768x512.jpg 768w, https:\/\/domainetrepaloup.com\/wp-content\/uploads\/2023\/05\/IMG_2349.redimensionne-18x12.jpg 18w, https:\/\/domainetrepaloup.com\/wp-content\/uploads\/2023\/05\/IMG_2349.redimensionne-500x333.jpg 500w, https:\/\/domainetrepaloup.com\/wp-content\/uploads\/2023\/05\/IMG_2349.redimensionne.jpg 1500w\" sizes=\"(max-width: 1024px) 100vw, 1024px\" \/><\/figure><\/div>","protected":false},"excerpt":{"rendered":"Marselan 30 %. Syrah 13%. Merlot 17%. Carignan 20%. Grenache Noir 11%. Mourv\u00e8dre 9%. M\u00e9thode de vinification Vinification s\u00e9par\u00e9e pour chaque c\u00e9page. Vinification traditionnelle en \u00e9grapp\u00e9 foul\u00e9 pendant 20 \u00e0 [...]","protected":false},"author":1,"featured_media":0,"parent":10439,"menu_order":0,"comment_status":"closed","ping_status":"closed","template":"tpl-onepage.php","meta":{"footnotes":""},"_links":{"self":[{"href":"https:\/\/domainetrepaloup.com\/en\/wp-json\/wp\/v2\/pages\/10540"}],"collection":[{"href":"https:\/\/domainetrepaloup.com\/en\/wp-json\/wp\/v2\/pages"}],"about":[{"href":"https:\/\/domainetrepaloup.com\/en\/wp-json\/wp\/v2\/types\/page"}],"author":[{"embeddable":true,"href":"https:\/\/domainetrepaloup.com\/en\/wp-json\/wp\/v2\/users\/1"}],"replies":[{"embeddable":true,"href":"https:\/\/domainetrepaloup.com\/en\/wp-json\/wp\/v2\/comments?post=10540"}],"version-history":[{"count":6,"href":"https:\/\/domainetrepaloup.com\/en\/wp-json\/wp\/v2\/pages\/10540\/revisions"}],"predecessor-version":[{"id":11505,"href":"https:\/\/domainetrepaloup.com\/en\/wp-json\/wp\/v2\/pages\/10540\/revisions\/11505"}],"up":[{"embeddable":true,"href":"https:\/\/domainetrepaloup.com\/en\/wp-json\/wp\/v2\/pages\/10439"}],"wp:attachment":[{"href":"https:\/\/domainetrepaloup.com\/en\/wp-json\/wp\/v2\/media?parent=10540"}],"curies":[{"name":"wp","href":"https:\/\/api.w.org\/{rel}","templated":true}]}}