{"id":10532,"date":"2023-04-15T22:09:55","date_gmt":"2023-04-15T20:09:55","guid":{"rendered":"http:\/\/p6108.webmo.fr\/?page_id=10532"},"modified":"2023-07-18T21:45:38","modified_gmt":"2023-07-18T19:45:38","slug":"cuvee-reserve-igp-cevennes-rouge","status":"publish","type":"page","link":"https:\/\/domainetrepaloup.com\/en\/nos-vins-bio\/vins-dassemblage\/cuvee-reserve-igp-cevennes-rouge\/","title":{"rendered":"Cuv\u00e9e la R\u00e9serve 2021 &#8211; IGP C\u00e9vennes"},"content":{"rendered":"<div class=\"wp-block-media-text alignwide has-media-on-the-right is-stacked-on-mobile is-vertically-aligned-top\" style=\"grid-template-columns:auto 30%\"><div class=\"wp-block-media-text__content\">\n<p>Merlot 60%. Marselan 40 %<\/p>\n\n\n\n<h2 class=\"wp-block-heading\">M\u00e9thode de vinification<\/h2>\n\n\n\n<p>La cuv\u00e9e est issue d\u2019une vendange foul\u00e9e et \u00e9grapp\u00e9e. Mac\u00e9ration traditionnelle 30 jours, avec pigeage. \u00c9levage en barriques 225 l pendant 6 mois apr\u00e8s assemblage.<\/p>\n\n\n\n<h2 class=\"wp-block-heading\">D\u00e9gustation<\/h2>\n\n\n\n<p><strong>Robe<\/strong> : Soutenue, belle couleur rouge vif nuance grenat.<\/p>\n\n\n\n<p><strong>Nez<\/strong> : Bien ouvert sur des notes de fruits rouges murs sur un arri\u00e8re-plan d\u2019\u00e9pices.<\/p>\n\n\n\n<p><strong>Bouche<\/strong>: Vin puissant et charpent\u00e9 avec des tanins fondus. La bouche est ronde et ample avec une finale longue sur les \u00e9pices.<\/p>\n\n\n\n<h2 class=\"wp-block-heading\">Garde<\/h2>\n\n\n\n<p>3 \u00e0 5 ans.<\/p>\n\n\n\n<h2 class=\"wp-block-heading\">Suggestion d\u2019accords mets-vin<\/h2>\n\n\n\n<p>Servir \u00e0 18-20\u00b0 sur viandes rouges en sauce, c\u00f4te de b\u0153uf r\u00f4ti ou sur gibier.<\/p>\n\n\n\n<h2 class=\"wp-block-heading\">Terroir<\/h2>\n\n\n\n<p>Parcelles \u00e0 flanc de coteaux au milieu de la garrigue et for\u00eats de pins. Argiles rouges, \u00e9boulis de calcaires durs et gravette calcaire. Climat M\u00e9diterran\u00e9en avec pluviom\u00e9trie moyenne de 900 \u00e0 1000 mm par an et un \u00e9t\u00e9 sec et chaud. Collines orient\u00e9es NE-SO.<\/p>\n\n\n\n<h2 class=\"wp-block-heading\">Fiche technique<\/h2>\n\n\n\n<div data-wp-interactive=\"\" class=\"wp-block-file\"><object data-wp-bind--hidden=\"!selectors.core.file.hasPdfPreview\" hidden class=\"wp-block-file__embed\" data=\"https:\/\/domainetrepaloup.com\/wp-content\/uploads\/2023\/05\/fiche-technique-Reserve-IGP-Cevennes-bio-2021-FR.pdf\" type=\"application\/pdf\" style=\"width:100%;height:600px\" aria-label=\"Embed of Fiche technique- La R\u00e9serve.\"><\/object><a id=\"wp-block-file--media-9d327b45-e28f-4833-8e0b-5d4dfc3504bf\" href=\"https:\/\/domainetrepaloup.com\/wp-content\/uploads\/2023\/05\/fiche-technique-Reserve-IGP-Cevennes-bio-2021-FR.pdf\">Fiche technique- La R\u00e9serve<\/a><a href=\"https:\/\/domainetrepaloup.com\/wp-content\/uploads\/2023\/05\/fiche-technique-Reserve-IGP-Cevennes-bio-2021-FR.pdf\" class=\"wp-block-file__button wp-element-button\" download aria-describedby=\"wp-block-file--media-9d327b45-e28f-4833-8e0b-5d4dfc3504bf\">T\u00e9l\u00e9charger<\/a><\/div>\n<\/div><figure class=\"wp-block-media-text__media\"><img loading=\"lazy\" decoding=\"async\" width=\"683\" height=\"1024\" src=\"http:\/\/p6108.webmo.fr\/wp-content\/uploads\/2023\/05\/IMG_2356.redimensionne-683x1024.jpg\" alt=\"\" class=\"wp-image-10833 size-full\" srcset=\"https:\/\/domainetrepaloup.com\/wp-content\/uploads\/2023\/05\/IMG_2356.redimensionne-683x1024.jpg 683w, https:\/\/domainetrepaloup.com\/wp-content\/uploads\/2023\/05\/IMG_2356.redimensionne-200x300.jpg 200w, https:\/\/domainetrepaloup.com\/wp-content\/uploads\/2023\/05\/IMG_2356.redimensionne-768x1152.jpg 768w, https:\/\/domainetrepaloup.com\/wp-content\/uploads\/2023\/05\/IMG_2356.redimensionne-8x12.jpg 8w, https:\/\/domainetrepaloup.com\/wp-content\/uploads\/2023\/05\/IMG_2356.redimensionne-500x750.jpg 500w, https:\/\/domainetrepaloup.com\/wp-content\/uploads\/2023\/05\/IMG_2356.redimensionne.jpg 1000w\" sizes=\"(max-width: 683px) 100vw, 683px\" \/><\/figure><\/div>\n\n\n<div class=\"wp-block-image\">\n<figure class=\"aligncenter size-large\"><img loading=\"lazy\" decoding=\"async\" width=\"1024\" height=\"683\" src=\"http:\/\/p6108.webmo.fr\/wp-content\/uploads\/2023\/05\/IMG_2357.redimensionne-1024x683.jpg\" alt=\"\" class=\"wp-image-10834\" srcset=\"https:\/\/domainetrepaloup.com\/wp-content\/uploads\/2023\/05\/IMG_2357.redimensionne-1024x683.jpg 1024w, https:\/\/domainetrepaloup.com\/wp-content\/uploads\/2023\/05\/IMG_2357.redimensionne-300x200.jpg 300w, https:\/\/domainetrepaloup.com\/wp-content\/uploads\/2023\/05\/IMG_2357.redimensionne-768x512.jpg 768w, https:\/\/domainetrepaloup.com\/wp-content\/uploads\/2023\/05\/IMG_2357.redimensionne-18x12.jpg 18w, https:\/\/domainetrepaloup.com\/wp-content\/uploads\/2023\/05\/IMG_2357.redimensionne-500x333.jpg 500w, https:\/\/domainetrepaloup.com\/wp-content\/uploads\/2023\/05\/IMG_2357.redimensionne.jpg 1500w\" sizes=\"(max-width: 1024px) 100vw, 1024px\" \/><\/figure><\/div>","protected":false},"excerpt":{"rendered":"Merlot 60%. Marselan 40 % M\u00e9thode de vinification La cuv\u00e9e est issue d\u2019une vendange foul\u00e9e et \u00e9grapp\u00e9e. Mac\u00e9ration traditionnelle 30 jours, avec pigeage. \u00c9levage en barriques 225 l pendant 6 [...]","protected":false},"author":1,"featured_media":0,"parent":10439,"menu_order":0,"comment_status":"closed","ping_status":"closed","template":"tpl-onepage.php","meta":{"footnotes":""},"_links":{"self":[{"href":"https:\/\/domainetrepaloup.com\/en\/wp-json\/wp\/v2\/pages\/10532"}],"collection":[{"href":"https:\/\/domainetrepaloup.com\/en\/wp-json\/wp\/v2\/pages"}],"about":[{"href":"https:\/\/domainetrepaloup.com\/en\/wp-json\/wp\/v2\/types\/page"}],"author":[{"embeddable":true,"href":"https:\/\/domainetrepaloup.com\/en\/wp-json\/wp\/v2\/users\/1"}],"replies":[{"embeddable":true,"href":"https:\/\/domainetrepaloup.com\/en\/wp-json\/wp\/v2\/comments?post=10532"}],"version-history":[{"count":10,"href":"https:\/\/domainetrepaloup.com\/en\/wp-json\/wp\/v2\/pages\/10532\/revisions"}],"predecessor-version":[{"id":11504,"href":"https:\/\/domainetrepaloup.com\/en\/wp-json\/wp\/v2\/pages\/10532\/revisions\/11504"}],"up":[{"embeddable":true,"href":"https:\/\/domainetrepaloup.com\/en\/wp-json\/wp\/v2\/pages\/10439"}],"wp:attachment":[{"href":"https:\/\/domainetrepaloup.com\/en\/wp-json\/wp\/v2\/media?parent=10532"}],"curies":[{"name":"wp","href":"https:\/\/api.w.org\/{rel}","templated":true}]}}