{"id":10511,"date":"2023-04-15T21:20:55","date_gmt":"2023-04-15T19:20:55","guid":{"rendered":"http:\/\/p6108.webmo.fr\/?page_id=10511"},"modified":"2023-07-18T19:12:55","modified_gmt":"2023-07-18T17:12:55","slug":"le-clos-des-oliviers-aoc-languedoc-sommieres","status":"publish","type":"page","link":"https:\/\/domainetrepaloup.com\/en\/nos-vins-bio\/vins-dassemblage\/le-clos-des-oliviers-aoc-languedoc-sommieres\/","title":{"rendered":"Le Clos des Oliviers 2020 &#8211; AOP Sommi\u00e8res Languedoc"},"content":{"rendered":"<div class=\"wp-block-media-text alignwide has-media-on-the-right is-stacked-on-mobile is-vertically-aligned-top\" style=\"grid-template-columns:auto 30%\"><div class=\"wp-block-media-text__content\">\n<p>Syrah 65%. Mourv\u00e8dre 35%<\/p>\n\n\n\n<h2 class=\"wp-block-heading\">M\u00e9thode de vinification<\/h2>\n\n\n\n<p>La cuv\u00e9e est issue d\u2019une vendange manuelle, foul\u00e9e \u00e9grapp\u00e9e. Chaque c\u00e9page est vinifi\u00e9 s\u00e9par\u00e9ment en mac\u00e9ration traditionnelle entre<br>20 jours, avec pigeage. \u00c9levage en barriques demi-muids pendant un an apr\u00e8s assemblage.<\/p>\n\n\n\n<h2 class=\"wp-block-heading\">D\u00e9gustation<\/h2>\n\n\n\n<p><strong>Robe<\/strong> : Belle couleur rouge vif nuance grenat.<\/p>\n\n\n\n<p><strong>Nez<\/strong> : Nez net et profond de fruits rouges et noirs m\u00fbrs et l\u00e9g\u00e8rement truffe. Dimension min\u00e9rale et \u00e9pic\u00e9e en retrait.<\/p>\n\n\n\n<p><strong>Bouche<\/strong>: Bouche ample, texture fine et envelopp\u00e9e. Le fruit est net et persistant. Finale longue.<\/p>\n\n\n\n<h2 class=\"wp-block-heading\">Garde<\/h2>\n\n\n\n<p>5 \u00e0 7 ans.<\/p>\n\n\n\n<h2 class=\"wp-block-heading\">Suggestion d&rsquo;accords mets-vin<\/h2>\n\n\n\n<p>Mouton ou b\u0153uf r\u00f4ti au four, cuisin\u00e9 avec des aromates m\u00e9diterran\u00e9ens thym, romarin, sarriette, laurier, ail. Toutes grillades aux herbes<\/p>\n\n\n\n<h2 class=\"wp-block-heading\">Terroir<\/h2>\n\n\n\n<p>Parcelles \u00e0 flanc de coteaux au milieu de la garrigue et for\u00eats de pins. Argiles rouges, \u00e9boulis de calcaires durs et gravette calcaire.<\/p>\n\n\n\n<h2 class=\"wp-block-heading\">Fiche technique<\/h2>\n\n\n\n<div data-wp-interactive=\"\" class=\"wp-block-file\"><object data-wp-bind--hidden=\"!selectors.core.file.hasPdfPreview\" hidden class=\"wp-block-file__embed\" data=\"https:\/\/domainetrepaloup.com\/wp-content\/uploads\/2023\/05\/fiche-technique-Clos-Oliviers-AOC-2020_FR.pdf\" type=\"application\/pdf\" style=\"width:100%;height:600px\" aria-label=\"Embed of Fiche technique  - Le Clos des Oliviers.\"><\/object><a id=\"wp-block-file--media-0eb1d8cb-4105-4497-81e9-761b0ccd0f13\" href=\"https:\/\/domainetrepaloup.com\/wp-content\/uploads\/2023\/05\/fiche-technique-Clos-Oliviers-AOC-2020_FR.pdf\">Fiche technique  &#8211; Le Clos des Oliviers<\/a><a href=\"https:\/\/domainetrepaloup.com\/wp-content\/uploads\/2023\/05\/fiche-technique-Clos-Oliviers-AOC-2020_FR.pdf\" class=\"wp-block-file__button wp-element-button\" download aria-describedby=\"wp-block-file--media-0eb1d8cb-4105-4497-81e9-761b0ccd0f13\">T\u00e9l\u00e9charger<\/a><\/div>\n<\/div><figure class=\"wp-block-media-text__media\"><img loading=\"lazy\" decoding=\"async\" width=\"683\" height=\"1024\" src=\"http:\/\/p6108.webmo.fr\/wp-content\/uploads\/2023\/05\/IMG_2354.redimensionne-683x1024.jpg\" alt=\"\" class=\"wp-image-10832 size-full\" srcset=\"https:\/\/domainetrepaloup.com\/wp-content\/uploads\/2023\/05\/IMG_2354.redimensionne-683x1024.jpg 683w, https:\/\/domainetrepaloup.com\/wp-content\/uploads\/2023\/05\/IMG_2354.redimensionne-200x300.jpg 200w, https:\/\/domainetrepaloup.com\/wp-content\/uploads\/2023\/05\/IMG_2354.redimensionne-768x1152.jpg 768w, https:\/\/domainetrepaloup.com\/wp-content\/uploads\/2023\/05\/IMG_2354.redimensionne-8x12.jpg 8w, https:\/\/domainetrepaloup.com\/wp-content\/uploads\/2023\/05\/IMG_2354.redimensionne-500x750.jpg 500w, https:\/\/domainetrepaloup.com\/wp-content\/uploads\/2023\/05\/IMG_2354.redimensionne.jpg 1000w\" sizes=\"(max-width: 683px) 100vw, 683px\" \/><\/figure><\/div>\n\n\n\n<p><\/p>\n\n\n<div class=\"wp-block-image\">\n<figure class=\"aligncenter size-large\"><img loading=\"lazy\" decoding=\"async\" width=\"1024\" height=\"683\" src=\"http:\/\/p6108.webmo.fr\/wp-content\/uploads\/2023\/05\/IMG_2353.redimensionne-1024x683.jpg\" alt=\"\" class=\"wp-image-10831\" srcset=\"https:\/\/domainetrepaloup.com\/wp-content\/uploads\/2023\/05\/IMG_2353.redimensionne-1024x683.jpg 1024w, https:\/\/domainetrepaloup.com\/wp-content\/uploads\/2023\/05\/IMG_2353.redimensionne-300x200.jpg 300w, https:\/\/domainetrepaloup.com\/wp-content\/uploads\/2023\/05\/IMG_2353.redimensionne-768x512.jpg 768w, https:\/\/domainetrepaloup.com\/wp-content\/uploads\/2023\/05\/IMG_2353.redimensionne-18x12.jpg 18w, https:\/\/domainetrepaloup.com\/wp-content\/uploads\/2023\/05\/IMG_2353.redimensionne-500x333.jpg 500w, https:\/\/domainetrepaloup.com\/wp-content\/uploads\/2023\/05\/IMG_2353.redimensionne.jpg 1500w\" sizes=\"(max-width: 1024px) 100vw, 1024px\" \/><\/figure><\/div>","protected":false},"excerpt":{"rendered":"Syrah 65%. Mourv\u00e8dre 35% M\u00e9thode de vinification La cuv\u00e9e est issue d\u2019une vendange manuelle, foul\u00e9e \u00e9grapp\u00e9e. Chaque c\u00e9page est vinifi\u00e9 s\u00e9par\u00e9ment en mac\u00e9ration traditionnelle entre20 jours, avec pigeage. \u00c9levage en [...]","protected":false},"author":1,"featured_media":0,"parent":10439,"menu_order":0,"comment_status":"closed","ping_status":"closed","template":"tpl-onepage.php","meta":{"footnotes":""},"_links":{"self":[{"href":"https:\/\/domainetrepaloup.com\/en\/wp-json\/wp\/v2\/pages\/10511"}],"collection":[{"href":"https:\/\/domainetrepaloup.com\/en\/wp-json\/wp\/v2\/pages"}],"about":[{"href":"https:\/\/domainetrepaloup.com\/en\/wp-json\/wp\/v2\/types\/page"}],"author":[{"embeddable":true,"href":"https:\/\/domainetrepaloup.com\/en\/wp-json\/wp\/v2\/users\/1"}],"replies":[{"embeddable":true,"href":"https:\/\/domainetrepaloup.com\/en\/wp-json\/wp\/v2\/comments?post=10511"}],"version-history":[{"count":18,"href":"https:\/\/domainetrepaloup.com\/en\/wp-json\/wp\/v2\/pages\/10511\/revisions"}],"predecessor-version":[{"id":11493,"href":"https:\/\/domainetrepaloup.com\/en\/wp-json\/wp\/v2\/pages\/10511\/revisions\/11493"}],"up":[{"embeddable":true,"href":"https:\/\/domainetrepaloup.com\/en\/wp-json\/wp\/v2\/pages\/10439"}],"wp:attachment":[{"href":"https:\/\/domainetrepaloup.com\/en\/wp-json\/wp\/v2\/media?parent=10511"}],"curies":[{"name":"wp","href":"https:\/\/api.w.org\/{rel}","templated":true}]}}