{"id":10503,"date":"2023-04-15T20:47:10","date_gmt":"2023-04-15T18:47:10","guid":{"rendered":"http:\/\/p6108.webmo.fr\/?page_id=10503"},"modified":"2023-07-18T21:46:03","modified_gmt":"2023-07-18T19:46:03","slug":"les-costes-aoc-languedoc","status":"publish","type":"page","link":"https:\/\/domainetrepaloup.com\/en\/nos-vins-bio\/vins-dassemblage\/les-costes-aoc-languedoc\/","title":{"rendered":"Les Costes 2021 &#8211; AOC Languedoc"},"content":{"rendered":"<div class=\"wp-block-media-text alignwide has-media-on-the-right is-stacked-on-mobile is-vertically-aligned-top\" style=\"grid-template-columns:auto 31%\"><div class=\"wp-block-media-text__content\">\n<p>Syrah 40%. Grenache Noir 40%. Mourv\u00e8dre 20 %<\/p>\n\n\n\n<h2 class=\"wp-block-heading\">M\u00e9thode de vinification<\/h2>\n\n\n\n<p>La cuv\u00e9e est issue d\u2019une vendange manuelle, foul\u00e9e \u00e9grapp\u00e9e. Chaque c\u00e9page est vinifi\u00e9 s\u00e9par\u00e9ment en mac\u00e9ration traditionnelle 20 jours, avec pigeage. \u00c9levage en cuve pendant un an apr\u00e8s assemblage.<\/p>\n\n\n\n<h2 class=\"wp-block-heading\">D\u00e9gustation<\/h2>\n\n\n\n<p><strong>Robe<\/strong> : Soutenue, belle couleur rouge vif nuance grenat.<\/p>\n\n\n\n<p><\/p>\n\n\n\n<p><strong>Nez<\/strong> : Bien ouvert sur des notes de fruits rouges murs sur un arri\u00e8re-plan d&rsquo;\u00e9pices ar\u00f4mes tr\u00e8s fins, notes de garrigue.<\/p>\n\n\n\n<p><\/p>\n\n\n\n<p><strong>Bouche<\/strong> : Ample et fondue aux ar\u00f4mes nets et tanins soyeux, des fruits rouges et des \u00e9pices. Sa puissance est temp\u00e9r\u00e9e par une note de fra\u00eecheur bienvenue.<\/p>\n\n\n\n<h2 class=\"wp-block-heading\">Garde<\/h2>\n\n\n\n<p>5 \u00e0 7 ans.<\/p>\n\n\n\n<h2 class=\"wp-block-heading\">Accords mets-vin<\/h2>\n\n\n\n<p>Mouton ou b\u0153uf r\u00f4ti au four, cuisin\u00e9 avec des aromates m\u00e9diterran\u00e9ens thym, romarin, sarriette, laurier, ail. Toutes grillades aux herbes.<\/p>\n\n\n\n<h2 class=\"wp-block-heading\">Terroir<\/h2>\n\n\n\n<p>Parcelles \u00e0 flanc de coteaux au milieu de la garrigue et for\u00eats de pins. Argiles rouges, \u00e9boulis de calcaires durs et gravette calcaire.<\/p>\n\n\n\n<h2 class=\"wp-block-heading\">Fiche technique<\/h2>\n<\/div><figure class=\"wp-block-media-text__media\"><img loading=\"lazy\" decoding=\"async\" width=\"683\" height=\"1024\" src=\"https:\/\/domainetrepaloup.com\/wp-content\/uploads\/2023\/05\/IMG_2352.redimensionne-683x1024.jpg\" alt=\"\" class=\"wp-image-10830 size-full\" srcset=\"https:\/\/domainetrepaloup.com\/wp-content\/uploads\/2023\/05\/IMG_2352.redimensionne-683x1024.jpg 683w, https:\/\/domainetrepaloup.com\/wp-content\/uploads\/2023\/05\/IMG_2352.redimensionne-200x300.jpg 200w, https:\/\/domainetrepaloup.com\/wp-content\/uploads\/2023\/05\/IMG_2352.redimensionne-768x1152.jpg 768w, https:\/\/domainetrepaloup.com\/wp-content\/uploads\/2023\/05\/IMG_2352.redimensionne-8x12.jpg 8w, https:\/\/domainetrepaloup.com\/wp-content\/uploads\/2023\/05\/IMG_2352.redimensionne-500x750.jpg 500w, https:\/\/domainetrepaloup.com\/wp-content\/uploads\/2023\/05\/IMG_2352.redimensionne.jpg 1000w\" sizes=\"(max-width: 683px) 100vw, 683px\" \/><\/figure><\/div>\n\n\n\n<div data-wp-interactive=\"\" class=\"wp-block-file\"><object data-wp-bind--hidden=\"!selectors.core.file.hasPdfPreview\" hidden class=\"wp-block-file__embed\" data=\"https:\/\/domainetrepaloup.com\/wp-content\/uploads\/2023\/05\/fiche-technique-Costes-AOP-Languedoc-bio-2021_FR.pdf\" type=\"application\/pdf\" style=\"width:100%;height:600px\" aria-label=\"Embed of Fiche technique - Les Costes.\"><\/object><a id=\"wp-block-file--media-1460d0e7-b49b-40a5-90df-3a13655dc5cc\" href=\"https:\/\/domainetrepaloup.com\/wp-content\/uploads\/2023\/05\/fiche-technique-Costes-AOP-Languedoc-bio-2021_FR.pdf\">Fiche technique &#8211; Les Costes<\/a><a href=\"https:\/\/domainetrepaloup.com\/wp-content\/uploads\/2023\/05\/fiche-technique-Costes-AOP-Languedoc-bio-2021_FR.pdf\" class=\"wp-block-file__button wp-element-button\" download aria-describedby=\"wp-block-file--media-1460d0e7-b49b-40a5-90df-3a13655dc5cc\">T\u00e9l\u00e9charger<\/a><\/div>\n\n\n<div class=\"wp-block-image\">\n<figure class=\"aligncenter size-large\"><img loading=\"lazy\" decoding=\"async\" width=\"1024\" height=\"683\" src=\"http:\/\/p6108.webmo.fr\/wp-content\/uploads\/2023\/05\/IMG_2351.redimensionne-1024x683.jpg\" alt=\"\" class=\"wp-image-10829\" srcset=\"https:\/\/domainetrepaloup.com\/wp-content\/uploads\/2023\/05\/IMG_2351.redimensionne-1024x683.jpg 1024w, https:\/\/domainetrepaloup.com\/wp-content\/uploads\/2023\/05\/IMG_2351.redimensionne-300x200.jpg 300w, https:\/\/domainetrepaloup.com\/wp-content\/uploads\/2023\/05\/IMG_2351.redimensionne-768x512.jpg 768w, https:\/\/domainetrepaloup.com\/wp-content\/uploads\/2023\/05\/IMG_2351.redimensionne-18x12.jpg 18w, https:\/\/domainetrepaloup.com\/wp-content\/uploads\/2023\/05\/IMG_2351.redimensionne-500x333.jpg 500w, https:\/\/domainetrepaloup.com\/wp-content\/uploads\/2023\/05\/IMG_2351.redimensionne.jpg 1500w\" sizes=\"(max-width: 1024px) 100vw, 1024px\" \/><\/figure><\/div>","protected":false},"excerpt":{"rendered":"<p>Syrah 40%. Grenache Noir 40%. Mourv\u00e8dre 20 % M\u00e9thode de vinification La cuv\u00e9e est issue d\u2019une vendange manuelle, foul\u00e9e \u00e9grapp\u00e9e. Chaque c\u00e9page est vinifi\u00e9 s\u00e9par\u00e9ment en mac\u00e9ration traditionnelle 20 jours, [&hellip;]<\/p>\n","protected":false},"author":1,"featured_media":0,"parent":10439,"menu_order":0,"comment_status":"closed","ping_status":"closed","template":"tpl-onepage.php","meta":{"footnotes":""},"_links":{"self":[{"href":"https:\/\/domainetrepaloup.com\/en\/wp-json\/wp\/v2\/pages\/10503"}],"collection":[{"href":"https:\/\/domainetrepaloup.com\/en\/wp-json\/wp\/v2\/pages"}],"about":[{"href":"https:\/\/domainetrepaloup.com\/en\/wp-json\/wp\/v2\/types\/page"}],"author":[{"embeddable":true,"href":"https:\/\/domainetrepaloup.com\/en\/wp-json\/wp\/v2\/users\/1"}],"replies":[{"embeddable":true,"href":"https:\/\/domainetrepaloup.com\/en\/wp-json\/wp\/v2\/comments?post=10503"}],"version-history":[{"count":11,"href":"https:\/\/domainetrepaloup.com\/en\/wp-json\/wp\/v2\/pages\/10503\/revisions"}],"predecessor-version":[{"id":11503,"href":"https:\/\/domainetrepaloup.com\/en\/wp-json\/wp\/v2\/pages\/10503\/revisions\/11503"}],"up":[{"embeddable":true,"href":"https:\/\/domainetrepaloup.com\/en\/wp-json\/wp\/v2\/pages\/10439"}],"wp:attachment":[{"href":"https:\/\/domainetrepaloup.com\/en\/wp-json\/wp\/v2\/media?parent=10503"}],"curies":[{"name":"wp","href":"https:\/\/api.w.org\/{rel}","templated":true}]}}