{"id":10443,"date":"2023-04-12T22:32:56","date_gmt":"2023-04-12T20:32:56","guid":{"rendered":"http:\/\/p6108.webmo.fr\/?page_id=10443"},"modified":"2023-06-25T20:42:52","modified_gmt":"2023-06-25T18:42:52","slug":"vins-doux-naturels","status":"publish","type":"page","link":"https:\/\/domainetrepaloup.com\/en\/nos-vins-bio\/vins-doux-naturels\/","title":{"rendered":"Natural sweet wines from our estate"},"content":{"rendered":"<h2 class=\"wp-block-heading\">Raisining<\/h2>\n\n\n\n<p>We have two small natural sweet wine vintages developed with an old Languedocienne method: the grapes are harvested overripe by hand into crates and then spread on ventilated racks for a month. Pressing is done with the old manual press.<\/p>\n\n\n\n<h2 class=\"wp-block-heading\">Our natural sweet wines<\/h2>\n\n\n\n<h3 class=\"wp-block-heading\">L&rsquo;Or du Temps<\/h3>\n\n\n\n<div class=\"wp-block-media-text alignwide has-media-on-the-right is-stacked-on-mobile is-vertically-aligned-top\" style=\"grid-template-columns:auto 32%\"><div class=\"wp-block-media-text__content\">\n<p>L'Or du Temps is a sweet white wine from Sauvignon Blanc. This highly aromatic sweet wine is a very pleasant aperitif. For the holiday season, it accompanies foie gras and desserts. It can also be served with pasta cooked with cheese, or fresh Roquefort.<\/p>\n\n\n\n<h4 class=\"wp-block-heading\">C\u00e9page<\/h4>\n\n\n\n<p>Sauvignon blanc, 90 ares de vignes \u00e2g\u00e9es de 20 ans.<\/p>\n\n\n\n<h4 class=\"wp-block-heading\">M\u00e9thode de vinification<\/h4>\n\n\n\n<p>Vendanges manuelles en l\u00e9g\u00e8re sur-maturit\u00e9. Passerillage sur claies pendant un mois. Tri et pressurage \u00e0 l&rsquo;ancienne avec un pressoir manuel. Contr\u00f4le des temp\u00e9ratures pendant la vinification. \u00c9levage durant deux mois en cuve sur lies fines.<\/p>\n\n\n\n<h4 class=\"wp-block-heading\">D\u00e9gustation<\/h4>\n\n\n\n<p>Vin moelleux, tr\u00e8s parfum\u00e9 sur sucres r\u00e9siduels.&nbsp;<\/p>\n\n\n\n<h4 class=\"wp-block-heading\">Garde<\/h4>\n\n\n\n<p>2ans.<\/p>\n\n\n\n<h4 class=\"wp-block-heading\">Suggestion d&rsquo;accords mets-vin<\/h4>\n\n\n\n<p>Vin tr\u00e8s agr\u00e9able en ap\u00e9ritif. Servir frais (12\u00b0). Accompagne foie gras et desserts.<\/p>\n<\/div><figure class=\"wp-block-media-text__media\"><img loading=\"lazy\" decoding=\"async\" width=\"683\" height=\"1024\" src=\"https:\/\/domainetrepaloup.com\/wp-content\/uploads\/2023\/06\/IMG_2388.redimensionne-683x1024.jpg\" alt=\"Or du temps\" class=\"wp-image-11195 size-full\" srcset=\"https:\/\/domainetrepaloup.com\/wp-content\/uploads\/2023\/06\/IMG_2388.redimensionne-683x1024.jpg 683w, https:\/\/domainetrepaloup.com\/wp-content\/uploads\/2023\/06\/IMG_2388.redimensionne-200x300.jpg 200w, https:\/\/domainetrepaloup.com\/wp-content\/uploads\/2023\/06\/IMG_2388.redimensionne-768x1152.jpg 768w, https:\/\/domainetrepaloup.com\/wp-content\/uploads\/2023\/06\/IMG_2388.redimensionne-8x12.jpg 8w, https:\/\/domainetrepaloup.com\/wp-content\/uploads\/2023\/06\/IMG_2388.redimensionne-500x750.jpg 500w, https:\/\/domainetrepaloup.com\/wp-content\/uploads\/2023\/06\/IMG_2388.redimensionne-rotated.jpg 1000w\" sizes=\"(max-width: 683px) 100vw, 683px\" \/><\/figure><\/div>\n\n\n\n<h3 class=\"wp-block-heading\">L&rsquo;Age de Pierre<\/h3>\n\n\n\n<div class=\"wp-block-media-text alignwide has-media-on-the-right is-stacked-on-mobile is-vertically-aligned-top\" style=\"grid-template-columns:auto 32%\"><div class=\"wp-block-media-text__content\">\n<p>L&rsquo;Age de Pierre est un vin doux rouge, avec ses ar\u00f4mes de fruits rouges m\u00fbrs et de pruneau, il peut \u00eatre servi frais en ap\u00e9ritif ou avec un g\u00e2teau au chocolat.<\/p>\n\n\n\n<p>We develop the cuv\u00e9e l'Age de Pierre from old Grenache harvested over-ripe and raisined on racks for a month. Pressing is done with a manual press.&nbsp;<\/p>\n\n\n\n<p>Blended with Carignan, this sweet raisined wine on residual sugars, develops aromas of ripe red fruits and prunes.&nbsp;<\/p>\n\n\n\n<p>Ideal as an aperitif, it can be served as a port. It will also accompany chocolate cakes, clafoutis or red fruit tarts during dessert .<\/p>\n<\/div><figure class=\"wp-block-media-text__media\"><img loading=\"lazy\" decoding=\"async\" width=\"683\" height=\"1024\" src=\"https:\/\/domainetrepaloup.com\/wp-content\/uploads\/2023\/06\/IMG_2390.redimensionne-683x1024.jpg\" alt=\"L'Age de Pierre\" class=\"wp-image-11197 size-full\" srcset=\"https:\/\/domainetrepaloup.com\/wp-content\/uploads\/2023\/06\/IMG_2390.redimensionne-683x1024.jpg 683w, https:\/\/domainetrepaloup.com\/wp-content\/uploads\/2023\/06\/IMG_2390.redimensionne-200x300.jpg 200w, https:\/\/domainetrepaloup.com\/wp-content\/uploads\/2023\/06\/IMG_2390.redimensionne-768x1152.jpg 768w, https:\/\/domainetrepaloup.com\/wp-content\/uploads\/2023\/06\/IMG_2390.redimensionne-8x12.jpg 8w, https:\/\/domainetrepaloup.com\/wp-content\/uploads\/2023\/06\/IMG_2390.redimensionne-500x750.jpg 500w, https:\/\/domainetrepaloup.com\/wp-content\/uploads\/2023\/06\/IMG_2390.redimensionne-rotated.jpg 1000w\" sizes=\"(max-width: 683px) 100vw, 683px\" \/><\/figure><\/div>","protected":false},"excerpt":{"rendered":"<p>Le passerillage Nous vous proposons deux petites cuv\u00e9es de vin doux naturels \u00e9labor\u00e9es suivant une ancienne m\u00e9thode Languedocienne : les raisins sont vendang\u00e9s en surmaturit\u00e9 \u00e0 la main en cagettes [&hellip;]<\/p>\n","protected":false},"author":1,"featured_media":0,"parent":10246,"menu_order":0,"comment_status":"closed","ping_status":"closed","template":"tpl-onepage.php","meta":{"footnotes":""},"_links":{"self":[{"href":"https:\/\/domainetrepaloup.com\/en\/wp-json\/wp\/v2\/pages\/10443"}],"collection":[{"href":"https:\/\/domainetrepaloup.com\/en\/wp-json\/wp\/v2\/pages"}],"about":[{"href":"https:\/\/domainetrepaloup.com\/en\/wp-json\/wp\/v2\/types\/page"}],"author":[{"embeddable":true,"href":"https:\/\/domainetrepaloup.com\/en\/wp-json\/wp\/v2\/users\/1"}],"replies":[{"embeddable":true,"href":"https:\/\/domainetrepaloup.com\/en\/wp-json\/wp\/v2\/comments?post=10443"}],"version-history":[{"count":8,"href":"https:\/\/domainetrepaloup.com\/en\/wp-json\/wp\/v2\/pages\/10443\/revisions"}],"predecessor-version":[{"id":11201,"href":"https:\/\/domainetrepaloup.com\/en\/wp-json\/wp\/v2\/pages\/10443\/revisions\/11201"}],"up":[{"embeddable":true,"href":"https:\/\/domainetrepaloup.com\/en\/wp-json\/wp\/v2\/pages\/10246"}],"wp:attachment":[{"href":"https:\/\/domainetrepaloup.com\/en\/wp-json\/wp\/v2\/media?parent=10443"}],"curies":[{"name":"wp","href":"https:\/\/api.w.org\/{rel}","templated":true}]}}