{"id":10441,"date":"2023-04-12T22:23:11","date_gmt":"2023-04-12T20:23:11","guid":{"rendered":"http:\/\/p6108.webmo.fr\/?page_id=10441"},"modified":"2023-07-18T21:58:27","modified_gmt":"2023-07-18T19:58:27","slug":"vins-de-cepages","status":"publish","type":"page","link":"https:\/\/domainetrepaloup.com\/en\/nos-vins-bio\/vins-de-cepages\/","title":{"rendered":"Varietal wines"},"content":{"rendered":"<h2 class=\"wp-block-heading\">The varietal wines of our estate<\/h2>\n\n\n\n<p>Discover the specificities of the old traditional grape varieties of the Languedoc, rediscover the typical characteristics of classic varieties!\u00a0<\/p>\n\n\n\n<p>We offer a range of red and white wine varieties, with great typicity.<\/p>\n\n\n\n<p>To accompany a tasting of varietal wines between friends, we offer a discovery box of six different red grape varieties with a small booklet presenting each variety, its history, its specific culture and its aromas.<\/p>\n\n\n\n<h2 class=\"wp-block-heading\">Our red varietal wines<\/h2>\n\n\n\n<ul>\n<li><a href=\"https:\/\/domainetrepaloup.com\/en\/nos-vins-bio\/vins-de-cepages\/mourvedre-igp-cevennes\/\" data-type=\"page\" data-id=\"10562\">Mourv\u00e8dre 2022 \u2013 IGP C\u00e9vennes<\/a><\/li>\n\n\n\n<li><a href=\"https:\/\/domainetrepaloup.com\/en\/nos-vins-bio\/vins-de-cepages\/grenache-igp-cevennes\/\" data-type=\"page\" data-id=\"10567\">Grenache 2022 \u2013 IGP C\u00e9vennes<\/a><\/li>\n\n\n\n<li><a href=\"https:\/\/domainetrepaloup.com\/en\/nos-vins-bio\/vins-de-cepages\/syrah-igp-cevennes\/\" data-type=\"page\" data-id=\"10572\">Syrah 2022 \u2013 IGP C\u00e9vennes<\/a><\/li>\n\n\n\n<li><a href=\"https:\/\/domainetrepaloup.com\/en\/nos-vins-bio\/vins-de-cepages\/carignan-igp-cevennes\/\" data-type=\"page\" data-id=\"10577\">Carignan 2022 \u2013 IGP C\u00e9vennes<\/a><\/li>\n<\/ul>\n\n\n\n<h2 class=\"wp-block-heading\">The white varietal wines from the estate<\/h2>\n\n\n\n<ul>\n<li><a href=\"https:\/\/domainetrepaloup.com\/en\/nos-vins-bio\/vins-de-cepages\/viognier-igp-cevennes\/\" data-type=\"page\" data-id=\"10584\">Viognier 2022 \u2013 IGP C\u00e9vennes<\/a><\/li>\n\n\n\n<li><a href=\"https:\/\/domainetrepaloup.com\/en\/nos-vins-bio\/vins-de-cepages\/sauvignon-igp-cevennes\/\" data-type=\"page\" data-id=\"10588\">Sauvignon 2022 \u2013 IGP C\u00e9vennes<\/a><\/li>\n<\/ul>\n\n\n\n<h2 class=\"wp-block-heading\">Le ros\u00e9<\/h2>\n\n\n\n<ul>\n<li><a href=\"https:\/\/domainetrepaloup.com\/en\/nos-vins-bio\/vins-de-cepages\/guinguette\/\" data-type=\"page\" data-id=\"10949\">La Guinguette 2022 \u2013 IGP C\u00e9vennes<\/a><\/li>\n<\/ul>","protected":false},"excerpt":{"rendered":"<p>Les vins de C\u00e9page du domaine D\u00e9couvrez les sp\u00e9cificit\u00e9s des vieux c\u00e9pages traditionnels du Languedoc, retrouvez la typicit\u00e9 des c\u00e9pages plus classiques !\u00a0 Nous vous proposons toute une gamme de [&hellip;]<\/p>\n","protected":false},"author":1,"featured_media":0,"parent":10246,"menu_order":0,"comment_status":"closed","ping_status":"closed","template":"tpl-onepage.php","meta":{"footnotes":""},"_links":{"self":[{"href":"https:\/\/domainetrepaloup.com\/en\/wp-json\/wp\/v2\/pages\/10441"}],"collection":[{"href":"https:\/\/domainetrepaloup.com\/en\/wp-json\/wp\/v2\/pages"}],"about":[{"href":"https:\/\/domainetrepaloup.com\/en\/wp-json\/wp\/v2\/types\/page"}],"author":[{"embeddable":true,"href":"https:\/\/domainetrepaloup.com\/en\/wp-json\/wp\/v2\/users\/1"}],"replies":[{"embeddable":true,"href":"https:\/\/domainetrepaloup.com\/en\/wp-json\/wp\/v2\/comments?post=10441"}],"version-history":[{"count":19,"href":"https:\/\/domainetrepaloup.com\/en\/wp-json\/wp\/v2\/pages\/10441\/revisions"}],"predecessor-version":[{"id":11515,"href":"https:\/\/domainetrepaloup.com\/en\/wp-json\/wp\/v2\/pages\/10441\/revisions\/11515"}],"up":[{"embeddable":true,"href":"https:\/\/domainetrepaloup.com\/en\/wp-json\/wp\/v2\/pages\/10246"}],"wp:attachment":[{"href":"https:\/\/domainetrepaloup.com\/en\/wp-json\/wp\/v2\/media?parent=10441"}],"curies":[{"name":"wp","href":"https:\/\/api.w.org\/{rel}","templated":true}]}}