{"id":10439,"date":"2023-04-12T22:20:57","date_gmt":"2023-04-12T20:20:57","guid":{"rendered":"http:\/\/p6108.webmo.fr\/?page_id=10439"},"modified":"2023-07-18T21:53:22","modified_gmt":"2023-07-18T19:53:22","slug":"vins-dassemblage","status":"publish","type":"page","link":"https:\/\/domainetrepaloup.com\/en\/nos-vins-bio\/vins-dassemblage\/","title":{"rendered":"Blended wines"},"content":{"rendered":"<h2 class=\"wp-block-heading\">Nos vins d\u2019assemblage AOP Languedoc et vins de Pays d\u2019Oc<\/h2>\n\n\n\n<p>Nous cultivons 13 c\u00e9pages diff\u00e9rents sur le domaine et \u00e9laborons des vins d\u2019assemblage qui marient les sp\u00e9cificit\u00e9s de c\u00e9pages compl\u00e9mentaires et expriment la diversit\u00e9 de notre terroir m\u00e9diterran\u00e9en.<\/p>\n\n\n\n<h2 class=\"wp-block-heading\">Nos vins rouges d\u2019assemblage<\/h2>\n\n\n\n<p>For our vintages of red wine for ageing, we perform a traditional long maceration of 20 to 30 days. The wines are then aged in barrels for 12 to 18 months. These wines are characterized by spicy notes, loose, long mouths of red fruit and mineral notes characteristic of the soil.\u00a0<\/p>\n\n\n\n<p>The cuv\u00e9e 'La Ra\u00efole' is a light and fruity wine, very smooth, an assembly of old Mediterranean varieties: Carignan, Mourvedre, Grenache and Syrah.<\/p>\n\n\n\n<ul>\n<li><a href=\"https:\/\/domainetrepaloup.com\/en\/nos-vins-bio\/vins-dassemblage\/le-clos-des-oliviers-aoc-languedoc-sommieres\/\" data-type=\"page\" data-id=\"10511\">Le Clos des Oliviers 2020 \u2013 AOP Languedoc Sommi\u00e8res<\/a><\/li>\n\n\n\n<li><a href=\"https:\/\/domainetrepaloup.com\/en\/nos-vins-bio\/vins-dassemblage\/les-costes-aoc-languedoc\/\" data-type=\"page\" data-id=\"10503\">Les Costes 2021 \u2013 AOP Languedoc Rouge<\/a><\/li>\n\n\n\n<li><a href=\"https:\/\/domainetrepaloup.com\/en\/nos-vins-bio\/vins-dassemblage\/cuvee-reserve-igp-cevennes-rouge\/\" data-type=\"page\" data-id=\"10532\">Cuv\u00e9e la R\u00e9serve 2021 \u2013 IGP C\u00e9vennes Rouge<\/a><\/li>\n\n\n\n<li><a href=\"https:\/\/domainetrepaloup.com\/en\/nos-vins-bio\/vins-dassemblage\/cuvee-la-raiole-igp-cevennes\/\" data-type=\"page\" data-id=\"10540\">Cuv\u00e9e La Ra\u00efole 2022 \u2013 IGP C\u00e9vennes Rouge<\/a><\/li>\n\n\n\n<li><a href=\"https:\/\/domainetrepaloup.com\/en\/nos-vins-bio\/vins-dassemblage\/le-vin-de-copains-igp-cevennes\/\" data-type=\"page\" data-id=\"10545\">Le Vin de Copains 2022 \u2013 IGP C\u00e9vennes<\/a><\/li>\n<\/ul>\n\n\n\n<h2 class=\"wp-block-heading\">Nos vins Blancs d\u2019assemblage<\/h2>\n\n\n\n<p>Notre Cuv\u00e9e Les Pierres Blanches en AOP Languedoc\u00a0est un bel assemblage de grenache blanc et de roussanne issus de nos parcelles de coteaux, vinifi\u00e9s et \u00e9lev\u00e9s en barriques sur lies fines. Une bouche longue et tr\u00e8s aromatique soutenue par une belle vivacit\u00e9.\u00a0<\/p>\n\n\n\n<p>L\u2019Or du Temps est un vin doux naturel issu de raisins passerill\u00e9s sur claies pendant un mois avant pressurage. Il est issu de sauvignon et de roussanne.\u00a0<\/p>\n\n\n\n<ul>\n<li><a href=\"https:\/\/domainetrepaloup.com\/en\/nos-vins-bio\/vins-dassemblage\/les-pierres-blanches-aoc-languedoc\/\" data-type=\"page\" data-id=\"10551\">Les Pierres Blanches 2022 \u2013 AOP Languedoc<\/a><\/li>\n\n\n\n<li><a href=\"https:\/\/domainetrepaloup.com\/en\/nos-vins-bio\/vins-dassemblage\/le-petit-grain-igp-cevennes\/\" data-type=\"page\" data-id=\"10558\">Le Petit Grain 2022 \u2013 IGP C\u00e9vennes<\/a><\/li>\n<\/ul>","protected":false},"excerpt":{"rendered":"<p>Nos vins d\u2019assemblage AOP Languedoc et vins de Pays d\u2019Oc Nous cultivons 13 c\u00e9pages diff\u00e9rents sur le domaine et \u00e9laborons des vins d\u2019assemblage qui marient les sp\u00e9cificit\u00e9s de c\u00e9pages compl\u00e9mentaires [&hellip;]<\/p>\n","protected":false},"author":1,"featured_media":0,"parent":10246,"menu_order":0,"comment_status":"closed","ping_status":"closed","template":"tpl-onepage.php","meta":{"footnotes":""},"_links":{"self":[{"href":"https:\/\/domainetrepaloup.com\/en\/wp-json\/wp\/v2\/pages\/10439"}],"collection":[{"href":"https:\/\/domainetrepaloup.com\/en\/wp-json\/wp\/v2\/pages"}],"about":[{"href":"https:\/\/domainetrepaloup.com\/en\/wp-json\/wp\/v2\/types\/page"}],"author":[{"embeddable":true,"href":"https:\/\/domainetrepaloup.com\/en\/wp-json\/wp\/v2\/users\/1"}],"replies":[{"embeddable":true,"href":"https:\/\/domainetrepaloup.com\/en\/wp-json\/wp\/v2\/comments?post=10439"}],"version-history":[{"count":18,"href":"https:\/\/domainetrepaloup.com\/en\/wp-json\/wp\/v2\/pages\/10439\/revisions"}],"predecessor-version":[{"id":11510,"href":"https:\/\/domainetrepaloup.com\/en\/wp-json\/wp\/v2\/pages\/10439\/revisions\/11510"}],"up":[{"embeddable":true,"href":"https:\/\/domainetrepaloup.com\/en\/wp-json\/wp\/v2\/pages\/10246"}],"wp:attachment":[{"href":"https:\/\/domainetrepaloup.com\/en\/wp-json\/wp\/v2\/media?parent=10439"}],"curies":[{"name":"wp","href":"https:\/\/api.w.org\/{rel}","templated":true}]}}