{"id":10299,"date":"2023-04-09T20:09:01","date_gmt":"2023-04-09T18:09:01","guid":{"rendered":"http:\/\/p6108.webmo.fr\/?page_id=10299"},"modified":"2023-08-06T16:40:11","modified_gmt":"2023-08-06T14:40:11","slug":"le-travail-des-vignes","status":"publish","type":"page","link":"https:\/\/domainetrepaloup.com\/en\/le-domaine\/le-travail-des-vignes\/","title":{"rendered":"Organic management of the vines"},"content":{"rendered":"<div class=\"wp-block-media-text has-media-on-the-right is-stacked-on-mobile is-vertically-aligned-top\" style=\"grid-template-columns:auto 32%\"><div class=\"wp-block-media-text__content\">\n<h2 class=\"wp-block-heading\">Vineyard cultivation<\/h2>\n\n\n\n<p>Each stage of the work in the vineyards aims to respect the environment and to express the peculiarities of our terroir for natural, expressive wines.<\/p>\n<\/div><figure class=\"wp-block-media-text__media\"><img loading=\"lazy\" decoding=\"async\" width=\"340\" height=\"213\" src=\"https:\/\/domainetrepaloup.com\/wp-content\/uploads\/2023\/08\/travail-vignes-bio-340p-2.jpg\" alt=\"\" class=\"wp-image-11607 size-full\" srcset=\"https:\/\/domainetrepaloup.com\/wp-content\/uploads\/2023\/08\/travail-vignes-bio-340p-2.jpg 340w, https:\/\/domainetrepaloup.com\/wp-content\/uploads\/2023\/08\/travail-vignes-bio-340p-2-300x188.jpg 300w, https:\/\/domainetrepaloup.com\/wp-content\/uploads\/2023\/08\/travail-vignes-bio-340p-2-18x12.jpg 18w\" sizes=\"(max-width: 340px) 100vw, 340px\" \/><\/figure><\/div>\n\n\n\n<div class=\"wp-block-media-text has-media-on-the-right is-stacked-on-mobile is-vertically-aligned-top\" style=\"grid-template-columns:auto 32%\"><div class=\"wp-block-media-text__content\">\n<h2 class=\"wp-block-heading\">Organic farming<\/h2>\n\n\n\n<p>The entire Tr\u00e9paloup Estate began its conversion to organic farming in 2010 under ECOCERT certification: vineyards, olive and fig trees.<\/p>\n\n\n\n<p>Our wines and fruit are certified organic agriculture since the 2013 harvest.<\/p>\n\n\n\n<p>Our choices: respect the environment, expressing the particularities of our region and offering you natural wine and fruit.&nbsp;<\/p>\n\n\n\n<p>We thus preserve the richness and diversity of our region.<\/p>\n\n\n\n<p>We grow our vines using organic farming methods: Soil, no use of chemical synthetic fertilizers, pesticides and herbicide. Fertilization is organic, based on composts and manures. The plots are grassed every other row.<\/p>\n<\/div><figure class=\"wp-block-media-text__media\"><img loading=\"lazy\" decoding=\"async\" width=\"238\" height=\"100\" src=\"https:\/\/domainetrepaloup.com\/wp-content\/uploads\/2023\/07\/logo_bio_eurofeuille.png\" alt=\"Agriculture biologique\" class=\"wp-image-11517 size-full\" srcset=\"https:\/\/domainetrepaloup.com\/wp-content\/uploads\/2023\/07\/logo_bio_eurofeuille.png 238w, https:\/\/domainetrepaloup.com\/wp-content\/uploads\/2023\/07\/logo_bio_eurofeuille-18x8.png 18w\" sizes=\"(max-width: 238px) 100vw, 238px\" \/><\/figure><\/div>\n\n\n\n<div class=\"wp-block-media-text has-media-on-the-right is-stacked-on-mobile is-vertically-aligned-top\" style=\"grid-template-columns:auto 32%\"><div class=\"wp-block-media-text__content\">\n<h2 class=\"wp-block-heading\">Low yields and hand harvested<\/h2>\n\n\n\n<p>For the best quality grapes, we make sure to limit yields: pruning using the Royat cordon method, manual de-budding in spring and grape harvest in green on the most qualitative plots. Three quarters of the estate vineyard are harvested by hand. <em>\u00e9bourgeonnage manuel<\/em> au printemps et vendanges en vert sur les parcelles les plus qualitatives. Les trois quart du vignoble du domaine sont <em>vendang\u00e9s \u00e0 la main<\/em>.<\/p>\n<\/div><figure class=\"wp-block-media-text__media\"><img loading=\"lazy\" decoding=\"async\" width=\"340\" height=\"213\" src=\"https:\/\/domainetrepaloup.com\/wp-content\/uploads\/2023\/08\/vendanges-grenache-aoc-340p.jpg\" alt=\"\" class=\"wp-image-11604 size-full\" srcset=\"https:\/\/domainetrepaloup.com\/wp-content\/uploads\/2023\/08\/vendanges-grenache-aoc-340p.jpg 340w, https:\/\/domainetrepaloup.com\/wp-content\/uploads\/2023\/08\/vendanges-grenache-aoc-340p-300x188.jpg 300w, https:\/\/domainetrepaloup.com\/wp-content\/uploads\/2023\/08\/vendanges-grenache-aoc-340p-18x12.jpg 18w\" sizes=\"(max-width: 340px) 100vw, 340px\" \/><\/figure><\/div>","protected":false},"excerpt":{"rendered":"<p>Le travail des vignes Chaque \u00e9tape du travail des vignes vise \u00e0 respecter l&rsquo;environnement et \u00e0 exprimer les particularit\u00e9s de notre terroir pour des vins naturels et expressifs. Agriculture biologique [&hellip;]<\/p>\n","protected":false},"author":1,"featured_media":0,"parent":10242,"menu_order":0,"comment_status":"closed","ping_status":"closed","template":"tpl-onepage.php","meta":{"footnotes":""},"_links":{"self":[{"href":"https:\/\/domainetrepaloup.com\/en\/wp-json\/wp\/v2\/pages\/10299"}],"collection":[{"href":"https:\/\/domainetrepaloup.com\/en\/wp-json\/wp\/v2\/pages"}],"about":[{"href":"https:\/\/domainetrepaloup.com\/en\/wp-json\/wp\/v2\/types\/page"}],"author":[{"embeddable":true,"href":"https:\/\/domainetrepaloup.com\/en\/wp-json\/wp\/v2\/users\/1"}],"replies":[{"embeddable":true,"href":"https:\/\/domainetrepaloup.com\/en\/wp-json\/wp\/v2\/comments?post=10299"}],"version-history":[{"count":8,"href":"https:\/\/domainetrepaloup.com\/en\/wp-json\/wp\/v2\/pages\/10299\/revisions"}],"predecessor-version":[{"id":11608,"href":"https:\/\/domainetrepaloup.com\/en\/wp-json\/wp\/v2\/pages\/10299\/revisions\/11608"}],"up":[{"embeddable":true,"href":"https:\/\/domainetrepaloup.com\/en\/wp-json\/wp\/v2\/pages\/10242"}],"wp:attachment":[{"href":"https:\/\/domainetrepaloup.com\/en\/wp-json\/wp\/v2\/media?parent=10299"}],"curies":[{"name":"wp","href":"https:\/\/api.w.org\/{rel}","templated":true}]}}