{"id":10281,"date":"2023-04-09T18:09:06","date_gmt":"2023-04-09T16:09:06","guid":{"rendered":"http:\/\/p6108.webmo.fr\/?page_id=10281"},"modified":"2023-08-06T16:47:27","modified_gmt":"2023-08-06T14:47:27","slug":"le-terroir","status":"publish","type":"page","link":"https:\/\/domainetrepaloup.com\/en\/le-domaine\/le-terroir\/","title":{"rendered":"The terroir"},"content":{"rendered":"<p>Les 16 hectares du domaine sont situ\u00e9s sur des coteaux et \u00e9boulis argilo-calcaires sur calcaires durs, caillouteux et bien drain\u00e9s.<\/p>\n\n\n\n<p>Certaines parcelles ont \u00e9t\u00e9 enherb\u00e9es un rang sur deux pour pr\u00e9venir l\u2019\u00e9rosion des sols, augmenter leur a\u00e9ration et leur perm\u00e9abilit\u00e9 \u00e0 l\u2019eau, et limiter la vigueur des vignes.<\/p>\n\n\n\n<p>Scrub-land (garrigue) of thyme, rosemary and pine forests surrounding the plots contribute to specific wine aromas. The Mediterranean climate with an average rainfall of 900 to 1000 mm per year and a dry, hot summer gives the wines their character and their aromatic potential.<\/p>\n\n\n<div class=\"wp-block-image\">\n<figure class=\"aligncenter size-large\"><img loading=\"lazy\" decoding=\"async\" width=\"1024\" height=\"683\" src=\"https:\/\/domainetrepaloup.com\/wp-content\/uploads\/2023\/08\/339444460_1570705320082170_5595744750542196603_n-1024x683.jpg\" alt=\"\" class=\"wp-image-11584\" srcset=\"https:\/\/domainetrepaloup.com\/wp-content\/uploads\/2023\/08\/339444460_1570705320082170_5595744750542196603_n-1024x683.jpg 1024w, https:\/\/domainetrepaloup.com\/wp-content\/uploads\/2023\/08\/339444460_1570705320082170_5595744750542196603_n-300x200.jpg 300w, https:\/\/domainetrepaloup.com\/wp-content\/uploads\/2023\/08\/339444460_1570705320082170_5595744750542196603_n-768x512.jpg 768w, https:\/\/domainetrepaloup.com\/wp-content\/uploads\/2023\/08\/339444460_1570705320082170_5595744750542196603_n-1536x1024.jpg 1536w, https:\/\/domainetrepaloup.com\/wp-content\/uploads\/2023\/08\/339444460_1570705320082170_5595744750542196603_n-18x12.jpg 18w, https:\/\/domainetrepaloup.com\/wp-content\/uploads\/2023\/08\/339444460_1570705320082170_5595744750542196603_n.jpg 2048w\" sizes=\"(max-width: 1024px) 100vw, 1024px\" \/><\/figure><\/div>","protected":false},"excerpt":{"rendered":"<p>Les 16 hectares du domaine sont situ\u00e9s sur des coteaux et \u00e9boulis argilo-calcaires sur calcaires durs, caillouteux et bien drain\u00e9s. Certaines parcelles ont \u00e9t\u00e9 enherb\u00e9es un rang sur deux pour [&hellip;]<\/p>\n","protected":false},"author":1,"featured_media":0,"parent":10242,"menu_order":0,"comment_status":"closed","ping_status":"closed","template":"","meta":{"footnotes":""},"_links":{"self":[{"href":"https:\/\/domainetrepaloup.com\/en\/wp-json\/wp\/v2\/pages\/10281"}],"collection":[{"href":"https:\/\/domainetrepaloup.com\/en\/wp-json\/wp\/v2\/pages"}],"about":[{"href":"https:\/\/domainetrepaloup.com\/en\/wp-json\/wp\/v2\/types\/page"}],"author":[{"embeddable":true,"href":"https:\/\/domainetrepaloup.com\/en\/wp-json\/wp\/v2\/users\/1"}],"replies":[{"embeddable":true,"href":"https:\/\/domainetrepaloup.com\/en\/wp-json\/wp\/v2\/comments?post=10281"}],"version-history":[{"count":6,"href":"https:\/\/domainetrepaloup.com\/en\/wp-json\/wp\/v2\/pages\/10281\/revisions"}],"predecessor-version":[{"id":11609,"href":"https:\/\/domainetrepaloup.com\/en\/wp-json\/wp\/v2\/pages\/10281\/revisions\/11609"}],"up":[{"embeddable":true,"href":"https:\/\/domainetrepaloup.com\/en\/wp-json\/wp\/v2\/pages\/10242"}],"wp:attachment":[{"href":"https:\/\/domainetrepaloup.com\/en\/wp-json\/wp\/v2\/media?parent=10281"}],"curies":[{"name":"wp","href":"https:\/\/api.w.org\/{rel}","templated":true}]}}