{"id":10267,"date":"2023-04-09T16:28:19","date_gmt":"2023-04-09T14:28:19","guid":{"rendered":"http:\/\/p6108.webmo.fr\/?page_id=10267"},"modified":"2023-04-10T21:14:19","modified_gmt":"2023-04-10T19:14:19","slug":"medailles-et-guides","status":"publish","type":"page","link":"https:\/\/domainetrepaloup.com\/en\/medailles-et-guides\/","title":{"rendered":"M\u00e9dailles et guides"},"content":{"rendered":"<div class=\"wp-block-media-text has-media-on-the-right is-stacked-on-mobile is-vertically-aligned-top\" style=\"grid-template-columns:auto 15%\"><div class=\"wp-block-media-text__content\">\n<h2 class=\"wp-block-heading\">M\u00e9daille de Bronze pour le Clos des Oliviers 2014 au Challenge Mill\u00e9sime Bio 2017.<\/h2>\n\n\n\n<p>Notre cuv\u00e9e \u00a0Le Clos des Oliviers 2014 obtient une m\u00e9daille de Bronze au concours Challenge Mill\u00e9sime Bio 2017. Une belle reconnaissance pour notre cuv\u00e9e en AOP Languedoc, d\u00e9nomination Sommi\u00e8res.<\/p>\n<\/div><figure class=\"wp-block-media-text__media\"><img loading=\"lazy\" decoding=\"async\" width=\"340\" height=\"509\" src=\"http:\/\/p6108.webmo.fr\/wp-content\/uploads\/2023\/04\/clos-des-oliviers-aoc-languedoc-sommieres-bio-340p.jpg\" alt=\"\" class=\"wp-image-10362 size-full\" srcset=\"https:\/\/domainetrepaloup.com\/wp-content\/uploads\/2023\/04\/clos-des-oliviers-aoc-languedoc-sommieres-bio-340p.jpg 340w, https:\/\/domainetrepaloup.com\/wp-content\/uploads\/2023\/04\/clos-des-oliviers-aoc-languedoc-sommieres-bio-340p-200x300.jpg 200w, https:\/\/domainetrepaloup.com\/wp-content\/uploads\/2023\/04\/clos-des-oliviers-aoc-languedoc-sommieres-bio-340p-8x12.jpg 8w\" sizes=\"(max-width: 340px) 100vw, 340px\" \/><\/figure><\/div>\n\n\n\n<div class=\"wp-block-media-text has-media-on-the-right is-stacked-on-mobile is-vertically-aligned-top\" style=\"grid-template-columns:auto 15%\"><div class=\"wp-block-media-text__content\">\n<h2 class=\"wp-block-heading\">Le Top du Languedoc: Les 100 meilleurs vins du Magazine Terre de Vin \u2013 Janvier 2016<\/h2>\n\n\n\n<p>Notre cuv\u00e9e Le Clos des Oliviers 2013 \u2013 en AOP Languedoc rouge, d\u00e9nomination Sommi\u00e8res vient d\u2019\u00eatre s\u00e9lectionn\u00e9e par le magazine Terre de Vin dans sa s\u00e9lection des 100 meilleurs vins du Languedoc\u2026 \u00a0avec un joli commentaire de d\u00e9gustation:\u00a0<\/p>\n\n\n\n<p>\u00a0\u00bb Un beau vin puissant sur le fruit noir, complexe avec ses touches de cuir et de truffe. Ample et gourmand en bouche, il est \u00e9quilibr\u00e9 par une jolie finale fra\u00eeche\u00a0\u00bb.\u00a0<\/p>\n<\/div><figure class=\"wp-block-media-text__media\"><img loading=\"lazy\" decoding=\"async\" width=\"340\" height=\"509\" src=\"http:\/\/p6108.webmo.fr\/wp-content\/uploads\/2023\/04\/clos-des-oliviers-aoc-languedoc-sommieres-bio-340p.jpg\" alt=\"\" class=\"wp-image-10362 size-full\" srcset=\"https:\/\/domainetrepaloup.com\/wp-content\/uploads\/2023\/04\/clos-des-oliviers-aoc-languedoc-sommieres-bio-340p.jpg 340w, https:\/\/domainetrepaloup.com\/wp-content\/uploads\/2023\/04\/clos-des-oliviers-aoc-languedoc-sommieres-bio-340p-200x300.jpg 200w, https:\/\/domainetrepaloup.com\/wp-content\/uploads\/2023\/04\/clos-des-oliviers-aoc-languedoc-sommieres-bio-340p-8x12.jpg 8w\" sizes=\"(max-width: 340px) 100vw, 340px\" \/><\/figure><\/div>\n\n\n\n<div class=\"wp-block-media-text alignwide has-media-on-the-right is-stacked-on-mobile is-vertically-aligned-top\" style=\"grid-template-columns:auto 15%\"><div class=\"wp-block-media-text__content\">\n<h2 class=\"wp-block-heading\">Challenge Millesime Bio 2016: M\u00e9daille d\u2019Or<\/h2>\n\n\n\n<p>Notre cuv\u00e9e Les Pierres Blanches en AOP Languedoc Blanc 2013 vient de recevoir une M\u00e9daille d\u2019Or au Concours Challenge Mill\u00e9sime Bio 2016. Ses parents sont tout contents.<\/p>\n<\/div><figure class=\"wp-block-media-text__media\"><img loading=\"lazy\" decoding=\"async\" width=\"340\" height=\"88\" src=\"http:\/\/p6108.webmo.fr\/wp-content\/uploads\/2023\/04\/logo_millesime_bio-340p.jpg\" alt=\"\" class=\"wp-image-10363 size-full\" srcset=\"https:\/\/domainetrepaloup.com\/wp-content\/uploads\/2023\/04\/logo_millesime_bio-340p.jpg 340w, https:\/\/domainetrepaloup.com\/wp-content\/uploads\/2023\/04\/logo_millesime_bio-340p-300x78.jpg 300w, https:\/\/domainetrepaloup.com\/wp-content\/uploads\/2023\/04\/logo_millesime_bio-340p-18x5.jpg 18w\" sizes=\"(max-width: 340px) 100vw, 340px\" \/><\/figure><\/div>\n\n\n\n<div class=\"wp-block-media-text alignwide has-media-on-the-right is-stacked-on-mobile\" style=\"grid-template-columns:auto 15%\"><div class=\"wp-block-media-text__content\">\n<h2 class=\"wp-block-heading\">Guide Hachette des Vins 2016: Les Pierres Blanches.<\/h2>\n\n\n\n<p>\u00a0Notre Cuv\u00e9e Les Pierres Blanches 2013 en AOP Languedoc\u00a0a \u00e9t\u00e9 s\u00e9lectionn\u00e9e au Guide Hachette des Vins 2016, avec un joli commentaire de d\u00e9gustation et deux \u00e9toiles :\u00a0<\/p>\n\n\n\n<blockquote class=\"wp-block-quote\">\n<p>\u00a0\u00bb Ce blanc clair aux reflets vifs, issu de roussanne et de grenache blanc, s\u2019ouvre sur des parfums s\u00e9ducteurs et subtils de coing et d\u2019anis. On retrouve le coing, avec persistance, dans un palais rond, souple et fin, soutenu par un bois\u00e9 tr\u00e8s fondu qui signe un \u00e9levage parfaitement ma\u00eetris\u00e9. Un blanc harmonieux et tr\u00e8s Languedocien. Accompagnera des rougets grill\u00e9s par exemple.\u00a0\u00bb<\/p>\n<\/blockquote>\n<\/div><figure class=\"wp-block-media-text__media\"><img loading=\"lazy\" decoding=\"async\" width=\"340\" height=\"509\" src=\"http:\/\/p6108.webmo.fr\/wp-content\/uploads\/2023\/04\/pierres-blanches-vin-aoc-aop-langueodc-bio-340p.jpg\" alt=\"\" class=\"wp-image-10364 size-full\" srcset=\"https:\/\/domainetrepaloup.com\/wp-content\/uploads\/2023\/04\/pierres-blanches-vin-aoc-aop-langueodc-bio-340p.jpg 340w, https:\/\/domainetrepaloup.com\/wp-content\/uploads\/2023\/04\/pierres-blanches-vin-aoc-aop-langueodc-bio-340p-200x300.jpg 200w, https:\/\/domainetrepaloup.com\/wp-content\/uploads\/2023\/04\/pierres-blanches-vin-aoc-aop-langueodc-bio-340p-8x12.jpg 8w\" sizes=\"(max-width: 340px) 100vw, 340px\" \/><\/figure><\/div>\n\n\n\n<div class=\"wp-block-media-text alignwide has-media-on-the-right is-stacked-on-mobile is-vertically-aligned-top\" style=\"grid-template-columns:auto 15%\"><div class=\"wp-block-media-text__content\">\n<h2 class=\"wp-block-heading\">RVF \u2013 Juin 2014: Deux cuv\u00e9es de Tr\u00e9paloup dans la s\u00e9lection des plus beaux mill\u00e9simes 2013 du Languedoc<\/h2>\n\n\n\n<p>Voici les commentaires de d\u00e9gustation de nos deux cuv\u00e9es s\u00e9lectionn\u00e9es dans la rubrique r\u00e9ussite des meilleurs crus 2013 du Languedoc dans leur n\u00b0 de Juin 2014<\/p>\n\n\n\n<h3 class=\"wp-block-heading\">Le Clos des Oliviers \u2013 AOC Languedoc Cru Sommi\u00e8res bio 2013<\/h3>\n\n\n\n<blockquote class=\"wp-block-quote\">\n<p>\u00ab\u00a0R\u00e9ussite. Dense, juteux, bien en place, mourv\u00e8dre majoritaire, avec un petit fumet animal des plus avenants.\u00a0\u00bb<\/p>\n<\/blockquote>\n\n\n\n<h3 class=\"wp-block-heading\">Les Pierres Blanches \u2013 AOC Languedoc bio 2013<\/h3>\n\n\n\n<blockquote class=\"wp-block-quote\">\n<p>\u00ab\u00a0R\u00e9ussite. Piquant, dot\u00e9 d\u2019une jolie vibration, un peu d\u00e9lur\u00e9, cet assemblage grenache blanc- roussanne sort du lot.\u00a0\u00bb<\/p>\n<\/blockquote>\n\n\n\n<p><\/p>\n\n\n\n<ul><\/ul>\n<\/div><figure class=\"wp-block-media-text__media\"><img loading=\"lazy\" decoding=\"async\" width=\"189\" height=\"122\" src=\"http:\/\/p6108.webmo.fr\/wp-content\/uploads\/2023\/04\/rvf-logo-340p.jpg\" alt=\"\" class=\"wp-image-10371 size-full\" srcset=\"https:\/\/domainetrepaloup.com\/wp-content\/uploads\/2023\/04\/rvf-logo-340p.jpg 189w, https:\/\/domainetrepaloup.com\/wp-content\/uploads\/2023\/04\/rvf-logo-340p-18x12.jpg 18w\" sizes=\"(max-width: 189px) 100vw, 189px\" \/><\/figure><\/div>\n\n\n\n<div class=\"wp-block-media-text alignwide has-media-on-the-right is-stacked-on-mobile is-vertically-aligned-top\" style=\"grid-template-columns:auto 26%\"><div class=\"wp-block-media-text__content\">\n<h2 class=\"wp-block-heading\">Robert Parker \u2013 Wine Advocate \u2013 Avril 2014<\/h2>\n\n\n\n<p>Le Clos des Oliviers \u2013 AOC Languedoc \u2013 D\u00e9nomination Sommi\u00e8res \u2013 Mill\u00e9sime 2011, le premier mill\u00e9sime de notre jeune d\u00e9nomination, a \u00e9t\u00e9 d\u00e9gust\u00e9 et s\u00e9lectionn\u00e9 par la revue Wine Advocate de Robert Parker en Avril 2014 \u2013 avec une note de 90\/100. On vous laisse le plaisir du texte en anglais\u2026<\/p>\n\n\n\n<blockquote class=\"wp-block-quote\">\n<p>\u00a0\u00bbA knockout blend of equal parts Syrah and Mourvedre, the 2011 Sommi\u00e8res Le Clos des Oliviers is a big, ripe wine that exhibits notions of plum pit, melted licorice, smoked earth and roasted herbs-like qualities on the nose. Aged 12 months in neutral barrels, it is medium to full-bodied, concentrated, layered and beautifully textured on the palate, with a terrific finish. I think it\u2019s superb now, yet it should continue to shine over the coming 6-8 years.\u00a0\u00bb<\/p>\n<\/blockquote>\n<\/div><figure class=\"wp-block-media-text__media\"><img loading=\"lazy\" decoding=\"async\" width=\"340\" height=\"34\" src=\"http:\/\/p6108.webmo.fr\/wp-content\/uploads\/2023\/04\/logo-parker-wine-advocate-trepaloup-clos-des-oliviers-aoc-languedoc-sommieres-bio-340p.jpg\" alt=\"\" class=\"wp-image-10380 size-full\" srcset=\"https:\/\/domainetrepaloup.com\/wp-content\/uploads\/2023\/04\/logo-parker-wine-advocate-trepaloup-clos-des-oliviers-aoc-languedoc-sommieres-bio-340p.jpg 340w, https:\/\/domainetrepaloup.com\/wp-content\/uploads\/2023\/04\/logo-parker-wine-advocate-trepaloup-clos-des-oliviers-aoc-languedoc-sommieres-bio-340p-300x30.jpg 300w, https:\/\/domainetrepaloup.com\/wp-content\/uploads\/2023\/04\/logo-parker-wine-advocate-trepaloup-clos-des-oliviers-aoc-languedoc-sommieres-bio-340p-18x2.jpg 18w\" sizes=\"(max-width: 340px) 100vw, 340px\" \/><\/figure><\/div>\n\n\n\n<div class=\"wp-block-media-text alignwide has-media-on-the-right is-stacked-on-mobile\" style=\"grid-template-columns:auto 15%\"><div class=\"wp-block-media-text__content\">\n<h2 class=\"wp-block-heading\">Guide Hachette des Vins 2013<\/h2>\n\n\n\n<p>Notre cuv\u00e9e Le Clos des Oliviers \u2013 AOC\u00a0Languedoc 2010, s\u00e9lectionn\u00e9e par le <strong>Guide Hachette des Vins <\/strong>qui lui attribue une \u00e9toile. Voici leur commentaire de d\u00e9gustation:<\/p>\n\n\n\n<blockquote class=\"wp-block-quote\">\n<p>\u00a0\u00bb Ce vin grenat intense d\u00e9voile des ar\u00f4mes d\u2019\u00e9pices douces, de cuir, de poivre et de fruits noirs, et une bouche ample, g\u00e9n\u00e9reuse et harmonieuse, b\u00e2tie autour de tanins soyeux\u00a0\u00bb.<\/p>\n<\/blockquote>\n<\/div><figure class=\"wp-block-media-text__media\"><img loading=\"lazy\" decoding=\"async\" width=\"172\" height=\"269\" src=\"http:\/\/p6108.webmo.fr\/wp-content\/uploads\/2023\/04\/couv-ghv20-3-340p.jpg\" alt=\"\" class=\"wp-image-10385 size-full\" srcset=\"https:\/\/domainetrepaloup.com\/wp-content\/uploads\/2023\/04\/couv-ghv20-3-340p.jpg 172w, https:\/\/domainetrepaloup.com\/wp-content\/uploads\/2023\/04\/couv-ghv20-3-340p-8x12.jpg 8w\" sizes=\"(max-width: 172px) 100vw, 172px\" \/><\/figure><\/div>\n\n\n\n<div class=\"wp-block-media-text alignwide has-media-on-the-right is-stacked-on-mobile\" style=\"grid-template-columns:auto 15%\"><div class=\"wp-block-media-text__content\">\n<h2 class=\"wp-block-heading\">Guide des Vins Gilbert et Gaillard 2012<\/h2>\n\n\n\n<ul>\n<li>Les Costes \u2013 AOC Languedoc 2007 \u2013 Note 86\/100<\/li>\n\n\n\n<li>Le Clos des Oliviers \u2013 AOC Languedoc 2009 \u2013 Note 88\/100<\/li>\n<\/ul>\n<\/div><figure class=\"wp-block-media-text__media\"><img loading=\"lazy\" decoding=\"async\" width=\"144\" height=\"102\" src=\"http:\/\/p6108.webmo.fr\/wp-content\/uploads\/2023\/04\/guide-gilbert-gaillard-340p.jpg\" alt=\"\" class=\"wp-image-10388 size-full\" srcset=\"https:\/\/domainetrepaloup.com\/wp-content\/uploads\/2023\/04\/guide-gilbert-gaillard-340p.jpg 144w, https:\/\/domainetrepaloup.com\/wp-content\/uploads\/2023\/04\/guide-gilbert-gaillard-340p-18x12.jpg 18w\" sizes=\"(max-width: 144px) 100vw, 144px\" \/><\/figure><\/div>\n\n\n\n<div class=\"wp-block-media-text alignwide has-media-on-the-right is-stacked-on-mobile\" style=\"grid-template-columns:auto 15%\"><div class=\"wp-block-media-text__content\">\n<h2 class=\"wp-block-heading\">Magazine Terre de Vins \u2013 D\u00e9cembre 2009<\/h2>\n\n\n\n<p>Cuv\u00e9e Le Clos des Oliviers :<\/p>\n\n\n\n<blockquote class=\"wp-block-quote\">\n<p>\u00a0\u00bb <em>Le nez est \u00e9panoui, subtil et profond. On sent le cuir cir\u00e9, la racine d\u2019iris, l\u2019essence de th\u00e9r\u00e9binthe, les beaux raisins, le terroir de rocaille. La bouche est nette comme un coup de fouet, rafra\u00eechissante<\/em>\u00a0\u00bb.<\/p>\n<\/blockquote>\n<\/div><figure class=\"wp-block-media-text__media\"><img loading=\"lazy\" decoding=\"async\" width=\"128\" height=\"128\" src=\"http:\/\/p6108.webmo.fr\/wp-content\/uploads\/2023\/04\/logo-terre-de-vins-340p.jpg\" alt=\"\" class=\"wp-image-10391 size-full\" srcset=\"https:\/\/domainetrepaloup.com\/wp-content\/uploads\/2023\/04\/logo-terre-de-vins-340p.jpg 128w, https:\/\/domainetrepaloup.com\/wp-content\/uploads\/2023\/04\/logo-terre-de-vins-340p-12x12.jpg 12w, https:\/\/domainetrepaloup.com\/wp-content\/uploads\/2023\/04\/logo-terre-de-vins-340p-100x100.jpg 100w\" sizes=\"(max-width: 128px) 100vw, 128px\" \/><\/figure><\/div>\n\n\n\n<div class=\"wp-block-media-text alignwide has-media-on-the-right is-stacked-on-mobile\" style=\"grid-template-columns:auto 15%\"><div class=\"wp-block-media-text__content\">\n<h2 class=\"wp-block-heading\">Guide Hachette des Vins 2006 et 2008<\/h2>\n\n\n\n<ul>\n<li>Les Costes \u2013 AOC Languedoc 2007<\/li>\n\n\n\n<li>Les Costes \u2013 AOC Languedoc 2005<\/li>\n<\/ul>\n<\/div><figure class=\"wp-block-media-text__media\"><img loading=\"lazy\" decoding=\"async\" width=\"340\" height=\"334\" src=\"http:\/\/p6108.webmo.fr\/wp-content\/uploads\/2023\/04\/guide-hachette-2006-340p.jpg\" alt=\"\" class=\"wp-image-10394 size-full\" srcset=\"https:\/\/domainetrepaloup.com\/wp-content\/uploads\/2023\/04\/guide-hachette-2006-340p.jpg 340w, https:\/\/domainetrepaloup.com\/wp-content\/uploads\/2023\/04\/guide-hachette-2006-340p-300x295.jpg 300w, https:\/\/domainetrepaloup.com\/wp-content\/uploads\/2023\/04\/guide-hachette-2006-340p-12x12.jpg 12w\" sizes=\"(max-width: 340px) 100vw, 340px\" \/><\/figure><\/div>","protected":false},"excerpt":{"rendered":"<p>M\u00e9daille de Bronze pour le Clos des Oliviers 2014 au Challenge Mill\u00e9sime Bio 2017. Notre cuv\u00e9e \u00a0Le Clos des Oliviers 2014 obtient une m\u00e9daille de Bronze au concours Challenge Mill\u00e9sime [&hellip;]<\/p>\n","protected":false},"author":1,"featured_media":0,"parent":0,"menu_order":0,"comment_status":"closed","ping_status":"closed","template":"tpl-onepage.php","meta":{"footnotes":""},"_links":{"self":[{"href":"https:\/\/domainetrepaloup.com\/en\/wp-json\/wp\/v2\/pages\/10267"}],"collection":[{"href":"https:\/\/domainetrepaloup.com\/en\/wp-json\/wp\/v2\/pages"}],"about":[{"href":"https:\/\/domainetrepaloup.com\/en\/wp-json\/wp\/v2\/types\/page"}],"author":[{"embeddable":true,"href":"https:\/\/domainetrepaloup.com\/en\/wp-json\/wp\/v2\/users\/1"}],"replies":[{"embeddable":true,"href":"https:\/\/domainetrepaloup.com\/en\/wp-json\/wp\/v2\/comments?post=10267"}],"version-history":[{"count":14,"href":"https:\/\/domainetrepaloup.com\/en\/wp-json\/wp\/v2\/pages\/10267\/revisions"}],"predecessor-version":[{"id":10395,"href":"https:\/\/domainetrepaloup.com\/en\/wp-json\/wp\/v2\/pages\/10267\/revisions\/10395"}],"wp:attachment":[{"href":"https:\/\/domainetrepaloup.com\/en\/wp-json\/wp\/v2\/media?parent=10267"}],"curies":[{"name":"wp","href":"https:\/\/api.w.org\/{rel}","templated":true}]}}