{"id":10262,"date":"2023-04-09T16:15:09","date_gmt":"2023-04-09T14:15:09","guid":{"rendered":"http:\/\/p6108.webmo.fr\/?page_id=10262"},"modified":"2023-05-24T21:13:44","modified_gmt":"2023-05-24T19:13:44","slug":"mentions-legales","status":"publish","type":"page","link":"https:\/\/domainetrepaloup.com\/en\/mentions-legales\/","title":{"rendered":"Mentions l\u00e9gales"},"content":{"rendered":"<h2 class=\"wp-block-heading\">Nom du site<\/h2>\n\n\n\n<p><a href=\"https:\/\/domainetrepaloup.com\/en\/\">http:\/\/www.domainetrepaloup.com<\/a><\/p>\n\n\n\n<h2 class=\"wp-block-heading\">Directeur de publication<\/h2>\n\n\n\n<p>R\u00e9mi Vand\u00f4me &#8211; Domaine de Tr\u00e9paloup<br>Rue du Moulin d&rsquo;huile<br>30260 St Cl\u00e9ment &#8211; France<br><a href=\"tel:04 66 77 48 39\" title=\"New window\">04 66 77 48 39<\/a><\/p>\n\n\n\n<p>Droits d&rsquo;acc\u00e8s, de suppression, rectification : pour exercer ce droit, veuillez adresser un courrier \u00e0 l&rsquo;adresse mentionn\u00e9e ci-dessus, ou faire votre demande par <a title=\"New window\" href=\"mailto:trepaloup@gmail.com\">courriel<\/a>, ou encore par l&rsquo;interm\u00e9diaire du <a href=\"http:\/\/p6108.webmo.fr\/contact\/\" data-type=\"page\" data-id=\"10250\">formulaire de contact<\/a>.<\/p>\n\n\n\n<h2 class=\"wp-block-heading\">Conception &#8211; d\u00e9veloppement<\/h2>\n\n\n\n<p>Domaine de Tr\u00e9paloup<\/p>\n\n\n\n<h2 class=\"wp-block-heading\">H\u00e9bergement &#8211; Nom de domaine<\/h2>\n\n\n\n<h3 class=\"wp-block-heading\">H\u00e9bergement<\/h3>\n\n\n\n<p><a href=\"https:\/\/www.nuxit.com\/\" target=\"_blank\" rel=\"noreferrer noopener\">PHPNET France &#8211; Nuxit<\/a><br>Groupe Magic Online<br>97 &#8211; 97 Bis rue G\u00e9n\u00e9ral Mangin<br>38100 Grenoble<\/p>\n\n\n\n<h3 class=\"wp-block-heading\">Nom de domaine<\/h3>\n\n\n\n<p><a href=\"https:\/\/www.croisix.com\/\" target=\"_blank\" rel=\"noreferrer noopener\">Croisix<\/a><br>3 square du Croisic<br>75015 Paris<\/p>\n\n\n\n<h2 class=\"wp-block-heading\">D\u00e9finition des cookies<\/h2>\n\n\n\n<p>Un cookie est un fichier de petite taille t\u00e9l\u00e9charg\u00e9 sur votre ordinateur, tablette ou tout autre terminal mobile, lors de l&rsquo;acc\u00e8s \u00e0 notre site Web. Les cookies nous permettent de stocker et r\u00e9cup\u00e9rer des informations sur vos habitudes et sur votre \u00e9quipement de navigation.<\/p>\n\n\n\n<h3 class=\"wp-block-heading\">Quels types de cookies sont utilis\u00e9s sur ce site ?<\/h3>\n\n\n\n<p>Les cookies que nous stockons sur votre terminal nous permettent : &#8211; d\u2019\u00e9tablir des statistiques de fr\u00e9quentation (nombre de visites, de pages vues, parcours, lieu de connexion, r\u00e9currence et dur\u00e9e des visites, navigateur et syst\u00e8me d&rsquo;exploitation utilis\u00e9s&#8230;), &#8211; d\u2019adapter la pr\u00e9sentation de notre site aux pr\u00e9f\u00e9rences d\u2019affichage de votre terminal, &#8211; d\u2019adapter la langue de ce site aux pr\u00e9f\u00e9rences de votre terminal, &#8211; de m\u00e9moriser des informations saisies dans divers formulaires (identification, contenu de votre panier, &#8230;), &#8211; de g\u00e9rer et d\u2019acc\u00e9der de mani\u00e8re s\u00e9curis\u00e9e \u00e0 vos espaces personnels (compte client, historiques de vos commandes, &#8230;), Ces cookies ne permettent pas de vous identifier mais enregistrent des informations relatives \u00e0 votre navigation. La dur\u00e9e de conservation de ces informations est au maximum de 13 mois.<\/p>\n\n\n\n<h3 class=\"wp-block-heading\">Les cookies de statistiques Google Analytics<\/h3>\n\n\n\n<p>Afin d\u2019analyser les visites de notre site internet nous pouvons utiliser Google Analytics, un service d&rsquo;analyse de site internet fourni par Google Inc. Google Analytics utilise des cookies pour nous aider \u00e0 analyser l&rsquo;utilisation de notre site. Les donn\u00e9es g\u00e9n\u00e9r\u00e9es par les cookies concernant votre utilisation du site (y compris votre adresse IP) seront transmises et stock\u00e9es par Google sur des serveurs situ\u00e9s aux \u00c9tats-Unis. Google utilisera cette information dans le but d&rsquo;\u00e9valuer votre utilisation du site, de compiler des rapports sur l&rsquo;activit\u00e9 du site \u00e0 destination de son \u00e9diteur et de fournir d&rsquo;autres services relatifs \u00e0 l&rsquo;activit\u00e9 du site et \u00e0 l&rsquo;utilisation d&rsquo;Internet. Google est susceptible de communiquer ces donn\u00e9es \u00e0 des tiers en cas d&rsquo;obligation l\u00e9gale ou lorsque ces tiers traitent ces donn\u00e9es pour le compte de Google, y compris notamment l&rsquo;\u00e9diteur de ce site. Vous pouvez d\u00e9sactiver l&rsquo;utilisation de cookies en s\u00e9lectionnant les param\u00e8tres appropri\u00e9s de votre navigateur. Cependant, une telle d\u00e9sactivation pourrait emp\u00eacher l&rsquo;utilisation de certaines fonctionnalit\u00e9s de ce site. En utilisant ce site internet, vous consentez express\u00e9ment au traitement de vos donn\u00e9es nominatives par Google dans les conditions et pour les finalit\u00e9s d\u00e9crites ci-dessus.<\/p>\n\n\n\n<h3 class=\"wp-block-heading\">Les autres cookies \u00e9mis par des tiers via notre site<\/h3>\n\n\n\n<p>Lors de la navigation sur notre site, il est possible qu\u2019un ou plusieurs cookies de soci\u00e9t\u00e9s tierces soient plac\u00e9s dans votre terminal via des pages de notre site : Youtube, DailyMotion, Twitter, Facebook, AddToAny, AddThis, Google Maps, Sound Cloud\u2026 Tous ces cookies sont d\u00e9pos\u00e9s par des services que nous utilisons pour vous fournir du contenu (texte, vid\u00e9o ou audio), ou vous permettre de partager des pages de notre site sur des r\u00e9seaux sociaux.<\/p>\n\n\n\n<h3 class=\"wp-block-heading\">Param\u00e9trer la gestion des cookies de votre navigateur<\/h3>\n\n\n\n<p>Si vous le souhaitez, vous pouvez autoriser, bloquer ou supprimer les cookies install\u00e9s sur votre ordinateur. Pour cela vous devez configurer les options de votre navigateur ou adapter les options de confidentialit\u00e9 de votre poste. A noter que si vous bloquez l\u2019installation de cookies sur votre poste, il est probable que vous ne puissiez plus acc\u00e9der \u00e0 certaines sections de notre site. Vous trouverez ci-dessous le cheminement afin de r\u00e9gler les param\u00e8tres de confidentialit\u00e9 de votre navigateur : &#8211; Pour Mozilla Firefox : Choisissez le menu \u00ab\u00a0Outils\u00a0\u00bb puis \u00ab\u00a0Options\u00a0\u00bb, cliquez sur l&rsquo;ic\u00f4ne \u00ab\u00a0Vie priv\u00e9e\u00a0\u00bb, Rep\u00e9rez le menu \u00ab\u00a0Cookies\u00a0\u00bb et s\u00e9lectionnez les options qui vous conviennent. &#8211; Pour Microsoft Internet Explorer 6.0 et au-del\u00e0 : Choisissez le menu \u00ab\u00a0Outils\u00a0\u00bb, puis \u00ab\u00a0Options Internet\u00a0\u00bb, cliquez sur l&rsquo;onglet \u00ab\u00a0Confidentialit\u00e9\u00a0\u00bb, s\u00e9lectionnez le niveau souhait\u00e9 \u00e0 l&rsquo;aide du curseur. &#8211; Pour Op\u00e9ra 6.0 et au-del\u00e0 : Choisissez le menu \u00ab\u00a0Fichier\u00a0\u00bb puis \u00ab\u00a0Pr\u00e9f\u00e9rences\u00a0\u00bb, puis \u00ab\u00a0Vie Priv\u00e9e\u00a0\u00bb et s\u00e9lectionnez les options qui vous conviennent. &#8211; Pour Safari : Dans le menu de Safari choisir \u00ab\u00a0Pr\u00e9f\u00e9rences\u00a0\u00bb puis \u00ab\u00a0S\u00e9curit\u00e9\u00a0\u00bb et s\u00e9lectionnez les options qui vous conviennent. &#8211; Pour Google Chrome : Cliquez sur l&rsquo;ic\u00f4ne de menu Chrome situ\u00e9e dans l&rsquo;angle sup\u00e9rieur droit de la fen\u00eatre du navigateur, s\u00e9lectionnez \u00ab\u00a0Param\u00e8tres\u00a0\u00bb. Dans la partie inf\u00e9rieure de la page, cliquez sur \u00ab\u00a0Afficher les param\u00e8tres avanc\u00e9s\u00a0\u00bb. Dans la section \u00ab\u00a0Confidentialit\u00e9\u00a0\u00bb, d\u00e9cochez tous les param\u00e8tres de confidentialit\u00e9 que vous souhaitez d\u00e9sactiver. Lorsque vous d\u00e9sactivez un param\u00e8tre de confidentialit\u00e9, cette information n&rsquo;est pas transmise \u00e0 Google.<\/p>","protected":false},"excerpt":{"rendered":"<p>Nom du site http:\/\/www.domainetrepaloup.com Directeur de publication R\u00e9mi Vand\u00f4me &#8211; Domaine de Tr\u00e9paloupRue du Moulin d&rsquo;huile30260 St Cl\u00e9ment &#8211; France04 66 77 48 39 Droits d&rsquo;acc\u00e8s, de suppression, rectification : [&hellip;]<\/p>\n","protected":false},"author":1,"featured_media":0,"parent":0,"menu_order":0,"comment_status":"closed","ping_status":"closed","template":"tpl-onepage.php","meta":{"footnotes":""},"_links":{"self":[{"href":"https:\/\/domainetrepaloup.com\/en\/wp-json\/wp\/v2\/pages\/10262"}],"collection":[{"href":"https:\/\/domainetrepaloup.com\/en\/wp-json\/wp\/v2\/pages"}],"about":[{"href":"https:\/\/domainetrepaloup.com\/en\/wp-json\/wp\/v2\/types\/page"}],"author":[{"embeddable":true,"href":"https:\/\/domainetrepaloup.com\/en\/wp-json\/wp\/v2\/users\/1"}],"replies":[{"embeddable":true,"href":"https:\/\/domainetrepaloup.com\/en\/wp-json\/wp\/v2\/comments?post=10262"}],"version-history":[{"count":8,"href":"https:\/\/domainetrepaloup.com\/en\/wp-json\/wp\/v2\/pages\/10262\/revisions"}],"predecessor-version":[{"id":11003,"href":"https:\/\/domainetrepaloup.com\/en\/wp-json\/wp\/v2\/pages\/10262\/revisions\/11003"}],"wp:attachment":[{"href":"https:\/\/domainetrepaloup.com\/en\/wp-json\/wp\/v2\/media?parent=10262"}],"curies":[{"name":"wp","href":"https:\/\/api.w.org\/{rel}","templated":true}]}}