{"id":10250,"date":"2023-04-09T15:38:01","date_gmt":"2023-04-09T13:38:01","guid":{"rendered":"http:\/\/p6108.webmo.fr\/?page_id=10250"},"modified":"2023-07-24T23:30:34","modified_gmt":"2023-07-24T21:30:34","slug":"contact","status":"publish","type":"page","link":"https:\/\/domainetrepaloup.com\/en\/contact\/","title":{"rendered":"Contact"},"content":{"rendered":"<p>R\u00e9mi Vand\u00f4me est \u00e0 votre disposition pour toute information compl\u00e9mentaire et sera \u00e9galement heureux de vous recevoir directement au domaine (sur rendez vous).<\/p>\n\n\n\n<h2 class=\"wp-block-heading\">Adresse<\/h2>\n\n\n\n<p>Domaine de Tr\u00e9paloup<br>Rue du Moulin d&rsquo;huile<br>30260 Saint Cl\u00e9ment<br>France<\/p>\n\n\n\n<h2 class=\"wp-block-heading\">T\u00e9l\u00e9phone\/Fax<\/h2>\n\n\n\n<ul>\n<li>Tel : <a href=\"tel:+33466774839\">(+33) 4 66 77 48 39<\/a> \/ <a href=\"tel:+33687403752\">(+33) 6 87 40 37 52<\/a><\/li>\n\n\n\n<li>Fax: (+33) 4 66 77 55 21<\/li>\n<\/ul>\n\n\n\n<h2 class=\"wp-block-heading\">Courriel<\/h2>\n\n\n\n<ul>\n<li>R\u00e9mi Vand\u00f4me : <a titel=\"Nouvelle fen\u00eatre\" href=\"mailto:remi@domainetrepaloup.com\">remi@domainetrepaloup.com<\/a><\/li>\n\n\n\n<li>Camille Pelerin : <a href=\"mailto:camille@domainetrepaloup.com\" target=\"_blank\" rel=\"noreferrer noopener\">camille@domainetrepaloup.com<\/a><\/li>\n<\/ul>\n\n\n\n<h2 class=\"wp-block-heading\">Formulaire de contact<\/h2>\n\n\n\n<div class=\"wpcf7 no-js\" id=\"wpcf7-f4-o1\" lang=\"en-US\" dir=\"ltr\">\n<div class=\"screen-reader-response\"><p role=\"status\" aria-live=\"polite\" aria-atomic=\"true\"><\/p> <ul><\/ul><\/div>\n<form action=\"\/en\/wp-json\/wp\/v2\/pages\/10250#wpcf7-f4-o1\" method=\"post\" class=\"wpcf7-form init\" aria-label=\"Contact form\" novalidate=\"novalidate\" data-status=\"init\" data-trp-original-action=\"\/en\/wp-json\/wp\/v2\/pages\/10250#wpcf7-f4-o1\">\n<div style=\"display: none;\">\n<input type=\"hidden\" name=\"_wpcf7\" value=\"4\" \/>\n<input type=\"hidden\" name=\"_wpcf7_version\" value=\"5.9.8\" \/>\n<input type=\"hidden\" name=\"_wpcf7_locale\" value=\"en_US\" \/>\n<input type=\"hidden\" name=\"_wpcf7_unit_tag\" value=\"wpcf7-f4-o1\" \/>\n<input type=\"hidden\" name=\"_wpcf7_container_post\" value=\"0\" \/>\n<input type=\"hidden\" name=\"_wpcf7_posted_data_hash\" value=\"\" \/>\n<\/div>\n<p><label> Votre nom (champ obligatoire)<br \/>\n<span class=\"wpcf7-form-control-wrap\" data-name=\"your-name\"><input size=\"40\" maxlength=\"400\" class=\"wpcf7-form-control wpcf7-text wpcf7-validates-as-required\" aria-required=\"true\" aria-invalid=\"false\" value=\"\" type=\"text\" name=\"your-name\" \/><\/span> <\/label>\n<\/p>\n<p><label> Votre courriel (champ obligatoire)<br \/>\n<span class=\"wpcf7-form-control-wrap\" data-name=\"your-email\"><input size=\"40\" maxlength=\"400\" class=\"wpcf7-form-control wpcf7-email wpcf7-validates-as-required wpcf7-text wpcf7-validates-as-email\" aria-required=\"true\" aria-invalid=\"false\" value=\"\" type=\"email\" name=\"your-email\" \/><\/span> <\/label>\n<\/p>\n<p><label> Objet (champ obligatoire)<br \/>\n<span class=\"wpcf7-form-control-wrap\" data-name=\"your-subject\"><input size=\"40\" maxlength=\"400\" class=\"wpcf7-form-control wpcf7-text wpcf7-validates-as-required\" aria-required=\"true\" aria-invalid=\"false\" value=\"\" type=\"text\" name=\"your-subject\" \/><\/span> <\/label>\n<\/p>\n<p><label> Votre message (champ obligatoire)<br \/>\n<span class=\"wpcf7-form-control-wrap\" data-name=\"your-message\"><textarea cols=\"40\" rows=\"10\" maxlength=\"2000\" class=\"wpcf7-form-control wpcf7-textarea wpcf7-validates-as-required\" aria-required=\"true\" aria-invalid=\"false\" name=\"your-message\"><\/textarea><\/span> <\/label>\n<\/p>\n<div class=\"la-sentinelle-container\" style=\"max-height:0;overflow:hidden;\">\n\t\t\n\t\t\t<input value=\"18111\" type=\"text\" name=\"la_sentinelle_e5aa0ad7beb61db7d17f93cad05c9d73\" class=\"la_sentinelle_e5aa0ad7beb61db7d17f93cad05c9d73\" placeholder=\"\" style=\"transform: translateY(10000px);\" \/>\n\t\t\t<input value=\"18111\" type=\"text\" name=\"la_sentinelle_7708de971506ccac9904ff09797fdf8a\" class=\"la_sentinelle_7708de971506ccac9904ff09797fdf8a\" placeholder=\"\" style=\"transform: translateY(10000px);\" \/>\n\t\t\t\n\t\t\t<input value=\"43\" type=\"text\" name=\"la_sentinelle_a4936383f963df8348fc3f220d370892\" class=\"la_sentinelle_a4936383f963df8348fc3f220d370892\" placeholder=\"\" style=\"transform: translateY(10000px);\" \/>\n\t\t\t\n\t\t\t<input value=\"\" type=\"text\" name=\"la_sentinelle_4774dcf2e4dd82a79829e7afb4b5beb6\" class=\"la_sentinelle_4774dcf2e4dd82a79829e7afb4b5beb6\" placeholder=\"\" style=\"transform: translateY(10000px);\" \/>\n\t\t\t<noscript><div class=\"no-js\">Warning: This form can only be used if JavaScript is enabled in your browser.<\/div><\/noscript>\n\t\t<\/div>\n<p><input class=\"wpcf7-form-control wpcf7-submit has-spinner\" type=\"submit\" value=\"Envoyer\" \/>\n<\/p><div class=\"wpcf7-response-output\" aria-hidden=\"true\"><\/div>\n<input type=\"hidden\" name=\"trp-form-language\" value=\"en\"\/><\/form>\n<\/div>\n\n\n\n\n<hr class=\"wp-block-separator has-alpha-channel-opacity\"\/>\n\n\n\n<h2 class=\"wp-block-heading\">Heures d&rsquo;ouverture<\/h2>\n\n\n\n<p>Nous vous accueillons au caveau toute l&rsquo;ann\u00e9e :<\/p>\n\n\n\n<ul>\n<li>mardi, 17h00 \u00e0 19h30 (seulement en juillet\/ao\u00fbt)<\/li>\n\n\n\n<li>mercredi, 17h00 \u00e0 19h30<\/li>\n\n\n\n<li>jeudi, 17h00 \u00e0 19h30 (seulement en juillet\/ao\u00fbt)<\/li>\n\n\n\n<li>vendredi,&nbsp; 17h00 \u00e0 19h30<\/li>\n\n\n\n<li>samedi, de 15h00 \u00e0 19h30<\/li>\n<\/ul>\n\n\n\n<h2 class=\"wp-block-heading\">Plan d&rsquo;acc\u00e8s<\/h2>\n\n\n\n<iframe src=\"https:\/\/www.google.com\/maps\/embed?pb=!1m18!1m12!1m3!1d2878.225275662389!2d4.02418647506386!3d43.83042674095198!2m3!1f0!2f0!3f0!3m2!1i1024!2i768!4f13.1!3m3!1m2!1s0x12b4190190278cdb%3A0x13dd41ff9c022d89!2sDomaine%20de%20Trepaloup!5e0!3m2!1sfr!2sfr!4v1681756540939!5m2!1sfr!2sfr\" width=\"600\" height=\"450\" style=\"border:0;\" allowfullscreen=\"\" loading=\"lazy\" referrerpolicy=\"no-referrer-when-downgrade\"><\/iframe>","protected":false},"excerpt":{"rendered":"<p>R\u00e9mi Vand\u00f4me est \u00e0 votre disposition pour toute information compl\u00e9mentaire et sera \u00e9galement heureux de vous recevoir directement au domaine (sur rendez vous). Adresse Domaine de Tr\u00e9paloupRue du Moulin d&rsquo;huile30260 [&hellip;]<\/p>\n","protected":false},"author":1,"featured_media":0,"parent":0,"menu_order":0,"comment_status":"closed","ping_status":"closed","template":"tpl-onepage.php","meta":{"footnotes":""},"_links":{"self":[{"href":"https:\/\/domainetrepaloup.com\/en\/wp-json\/wp\/v2\/pages\/10250"}],"collection":[{"href":"https:\/\/domainetrepaloup.com\/en\/wp-json\/wp\/v2\/pages"}],"about":[{"href":"https:\/\/domainetrepaloup.com\/en\/wp-json\/wp\/v2\/types\/page"}],"author":[{"embeddable":true,"href":"https:\/\/domainetrepaloup.com\/en\/wp-json\/wp\/v2\/users\/1"}],"replies":[{"embeddable":true,"href":"https:\/\/domainetrepaloup.com\/en\/wp-json\/wp\/v2\/comments?post=10250"}],"version-history":[{"count":12,"href":"https:\/\/domainetrepaloup.com\/en\/wp-json\/wp\/v2\/pages\/10250\/revisions"}],"predecessor-version":[{"id":11540,"href":"https:\/\/domainetrepaloup.com\/en\/wp-json\/wp\/v2\/pages\/10250\/revisions\/11540"}],"wp:attachment":[{"href":"https:\/\/domainetrepaloup.com\/en\/wp-json\/wp\/v2\/media?parent=10250"}],"curies":[{"name":"wp","href":"https:\/\/api.w.org\/{rel}","templated":true}]}}