{"id":10248,"date":"2023-04-09T15:36:53","date_gmt":"2023-04-09T13:36:53","guid":{"rendered":"http:\/\/p6108.webmo.fr\/?page_id=10248"},"modified":"2023-06-16T22:41:15","modified_gmt":"2023-06-16T20:41:15","slug":"oliviers","status":"publish","type":"page","link":"https:\/\/domainetrepaloup.com\/en\/oliviers\/","title":{"rendered":"Olive trees"},"content":{"rendered":"<h2 class=\"wp-block-heading\">The olives of our domain<\/h2>\n\n\n\n<p>Sur nos coteaux dans la garrigue, nous avons replant\u00e9 des parcelles d\u2019oliviers, au milieu des vignes.<\/p>\n\n\n\n<p>The picholine, aglando, grossanne and n\u00e9grette varieties make up our olive groves, for aromatic oils rich in taste.<\/p>\n\n\n\n<p>These trees, like all our crops, are farmed organically.<\/p>\n\n\n\n<h2 class=\"wp-block-heading\">En images<\/h2>\n\n\n\n<figure class=\"wp-block-gallery has-nested-images columns-default is-cropped wp-block-gallery-1 is-layout-flex wp-block-gallery-is-layout-flex\">\n<figure class=\"wp-block-image size-large\"><img loading=\"lazy\" decoding=\"async\" width=\"1024\" height=\"683\" data-id=\"10461\" src=\"http:\/\/p6108.webmo.fr\/wp-content\/uploads\/2023\/04\/339444460_1570705320082170_5595744750542196603_n-1024x683.jpg\" alt=\"\" class=\"wp-image-10461\" srcset=\"https:\/\/domainetrepaloup.com\/wp-content\/uploads\/2023\/04\/339444460_1570705320082170_5595744750542196603_n-1024x683.jpg 1024w, https:\/\/domainetrepaloup.com\/wp-content\/uploads\/2023\/04\/339444460_1570705320082170_5595744750542196603_n-300x200.jpg 300w, https:\/\/domainetrepaloup.com\/wp-content\/uploads\/2023\/04\/339444460_1570705320082170_5595744750542196603_n-768x512.jpg 768w, https:\/\/domainetrepaloup.com\/wp-content\/uploads\/2023\/04\/339444460_1570705320082170_5595744750542196603_n-1536x1024.jpg 1536w, https:\/\/domainetrepaloup.com\/wp-content\/uploads\/2023\/04\/339444460_1570705320082170_5595744750542196603_n-18x12.jpg 18w, https:\/\/domainetrepaloup.com\/wp-content\/uploads\/2023\/04\/339444460_1570705320082170_5595744750542196603_n-500x333.jpg 500w, https:\/\/domainetrepaloup.com\/wp-content\/uploads\/2023\/04\/339444460_1570705320082170_5595744750542196603_n.jpg 2048w\" sizes=\"(max-width: 1024px) 100vw, 1024px\" \/><\/figure>\n\n\n\n<figure class=\"wp-block-image size-large\"><img loading=\"lazy\" decoding=\"async\" width=\"1024\" height=\"683\" data-id=\"10462\" src=\"http:\/\/p6108.webmo.fr\/wp-content\/uploads\/2023\/04\/340068064_149698508048072_2151728273153962902_n-1024x683.jpg\" alt=\"\" class=\"wp-image-10462\" srcset=\"https:\/\/domainetrepaloup.com\/wp-content\/uploads\/2023\/04\/340068064_149698508048072_2151728273153962902_n-1024x683.jpg 1024w, https:\/\/domainetrepaloup.com\/wp-content\/uploads\/2023\/04\/340068064_149698508048072_2151728273153962902_n-300x200.jpg 300w, https:\/\/domainetrepaloup.com\/wp-content\/uploads\/2023\/04\/340068064_149698508048072_2151728273153962902_n-768x512.jpg 768w, https:\/\/domainetrepaloup.com\/wp-content\/uploads\/2023\/04\/340068064_149698508048072_2151728273153962902_n-1536x1024.jpg 1536w, https:\/\/domainetrepaloup.com\/wp-content\/uploads\/2023\/04\/340068064_149698508048072_2151728273153962902_n-18x12.jpg 18w, https:\/\/domainetrepaloup.com\/wp-content\/uploads\/2023\/04\/340068064_149698508048072_2151728273153962902_n-500x333.jpg 500w, https:\/\/domainetrepaloup.com\/wp-content\/uploads\/2023\/04\/340068064_149698508048072_2151728273153962902_n.jpg 2048w\" sizes=\"(max-width: 1024px) 100vw, 1024px\" \/><\/figure>\n\n\n\n<figure class=\"wp-block-image size-large\"><img decoding=\"async\" src=\"https:\/\/domainetrepaloup.com\/wp-content\/uploads\/2023\/04\/340140660_513401024136959_7186631783157711604_n-1024x683.jpg\" alt=\"\"\/><\/figure>\n\n\n\n<figure class=\"wp-block-image size-large\"><img decoding=\"async\" src=\"https:\/\/domainetrepaloup.com\/wp-content\/uploads\/2023\/04\/340472846_250329110767108_5878579227330345370_n-1024x683.jpg\" alt=\"\"\/><\/figure>\n\n\n\n<figure class=\"wp-block-image size-large\"><img decoding=\"async\" src=\"https:\/\/domainetrepaloup.com\/wp-content\/uploads\/2023\/04\/340660347_889743842091660_4111747450091870389_n-1024x683.jpg\" alt=\"\"\/><\/figure>\n\n\n\n<figure class=\"wp-block-image size-large\"><img decoding=\"async\" src=\"https:\/\/domainetrepaloup.com\/wp-content\/uploads\/2023\/04\/340664110_910971650212033_6961626739324557313_n-1024x683.jpg\" alt=\"\"\/><\/figure>\n\n\n\n<figure class=\"wp-block-image size-large\"><img decoding=\"async\" src=\"https:\/\/domainetrepaloup.com\/wp-content\/uploads\/2023\/04\/340767774_5871886829588457_5687710996088098060_n-1024x683.jpg\" alt=\"\"\/><\/figure>\n<\/figure>","protected":false},"excerpt":{"rendered":"<p>Les Oliviers du domaine Sur nos coteaux dans la garrigue, nous avons replant\u00e9 des parcelles d\u2019oliviers, au milieu des vignes. Les vari\u00e9t\u00e9s picholine, aglando, grossanne, et n\u00e9grette composent nos parcelles, [&hellip;]<\/p>\n","protected":false},"author":1,"featured_media":0,"parent":0,"menu_order":0,"comment_status":"closed","ping_status":"closed","template":"tpl-onepage.php","meta":{"footnotes":""},"_links":{"self":[{"href":"https:\/\/domainetrepaloup.com\/en\/wp-json\/wp\/v2\/pages\/10248"}],"collection":[{"href":"https:\/\/domainetrepaloup.com\/en\/wp-json\/wp\/v2\/pages"}],"about":[{"href":"https:\/\/domainetrepaloup.com\/en\/wp-json\/wp\/v2\/types\/page"}],"author":[{"embeddable":true,"href":"https:\/\/domainetrepaloup.com\/en\/wp-json\/wp\/v2\/users\/1"}],"replies":[{"embeddable":true,"href":"https:\/\/domainetrepaloup.com\/en\/wp-json\/wp\/v2\/comments?post=10248"}],"version-history":[{"count":6,"href":"https:\/\/domainetrepaloup.com\/en\/wp-json\/wp\/v2\/pages\/10248\/revisions"}],"predecessor-version":[{"id":11119,"href":"https:\/\/domainetrepaloup.com\/en\/wp-json\/wp\/v2\/pages\/10248\/revisions\/11119"}],"wp:attachment":[{"href":"https:\/\/domainetrepaloup.com\/en\/wp-json\/wp\/v2\/media?parent=10248"}],"curies":[{"name":"wp","href":"https:\/\/api.w.org\/{rel}","templated":true}]}}